{"id":4,"date":"2009-04-02T10:39:40","date_gmt":"2009-04-02T07:39:40","guid":{"rendered":"http:\/\/onmky.fi\/osastot\/koripallo\/blog\/?page_id=4"},"modified":"2010-03-23T14:17:29","modified_gmt":"2010-03-23T11:17:29","slug":"seurainfo","status":"publish","type":"page","link":"https:\/\/onmky.fi\/osastot\/koripallo\/blog\/seurainfo\/","title":{"rendered":"Seurainfo"},"content":{"rendered":"<h2><span style=\"font-weight: normal;\">Yleist\u00e4<\/span><\/h2>\n<p>Koripalloilijoiden tavoitteena on tarjota kaikille koripalloa harrastaville tasonsa mukaista toimintaa, harrastelijoille harrastustoimintaa ja kilpajoukkueille mahdollisuus edet\u00e4 tasonsa mukaisiin sarjoihin. Haluamme mahdollistaa koripallon harrastamiseen niin pelaajana, valmentajana, erotuomarina kuin seura-aktiivinakin.<\/p>\n<p>Oulun NMKY ry:n Urheilijoiden koripallotoimintaa johtaa koripalloilijoiden johtokunta ONMKY ry:n s\u00e4\u00e4nt\u00f6jen puitteissa. Johtokunnan kokouksiin osallistuvat my\u00f6s koripallon nuorisop\u00e4\u00e4llikk\u00f6 ja yhdistyksen toiminnanjohtaja. Johtokunta kokoontuu noin kerran kuussa.<\/p>\n<p>Johtokunnan teht\u00e4v\u00e4n\u00e4 on mm. m\u00e4\u00e4ritell\u00e4 Oulun NMKY:n koripallotoiminnan p\u00e4\u00e4linjat ja tavoitteet, johtaa, ohjata, valvoa ja arvioida koripallotoimintaa, huolehtia koripalloilijoiden taloudellisista asioista sek\u00e4 toimintamaksujen kannosta, vastata koulutuksesta ja tiedotuksesta sek\u00e4 vastata yhteydenpidosta j\u00e4senist\u00f6\u00f6n ja Suomen koripalloliiton Pohjoiseen alueeseen.<\/p>\n<h2><span style=\"font-weight: normal;\">Historia<\/span><\/h2>\n<p>Oulun NMKY ry on perustettu v. 1896. NMKY-liikkeen toiminnan perusperiaatteisiin kuuluu huolehtia my\u00f6s fyysisest\u00e4 kunnosta ja urheilu toimintamuotona yleistyi Oulussa 1910-luvulla. Nuorukaisosaston &#8221;urheiluseura&#8221; perustettiin v. 1916. 1923-24 yhdistyksess\u00e4 toimi Urheilijain kerho, kunnes Oulun NMKY:n voimistelu- ja urheiluseura perustettiin v. 1924. Urheilulajeina olivat tuolloin jalkapallo, nyrkkeily, paini, pes\u00e4pallo, voimistelu ja yleisurheilu.<\/p>\n<p>Urheilijoiden toiminta kehittyi sek\u00e4 m\u00e4\u00e4r\u00e4llisesti ett\u00e4 laadullisesti sotien j\u00e4lkeen. Koripalloilun toi Ouluun NMKY:n lajiksi opetusneuvos Martti Niemel\u00e4 v. 1948. Alussa koulujen saleissa pelatut sis\u00e4palloilulajit saivat hyv\u00e4t olosuhteet, kun Ynnin suurhalli valmistui v. 1951. Halli oli valmistuessaan Pohjois-Kalotin suurin yksityinen palloilutila. Nykyisin Ynnin toimitilat ovat keskittyneet Raatin nuorisotaloon. Koripalloilijat harjoittelevat p\u00e4\u00e4asiassa koulujen urheilusaleilla.<\/p>\n<p>Oulun NMKY on Pohjois-Suomen menestyksekk\u00e4in koripalloseura. Monien piirin- ja Pohjois-Suomen mestaruuksien ohella parhaat saavutukset t\u00e4h\u00e4n menness\u00e4 on kausi miesten mestaruussarjassa 1966-67, A-poikien SM-hopea 1971, B-poikien SM-hopea 2001 sek\u00e4 lukuisat maajoukkue-edustukset erityisesti nuorten sarjoissa.\u00a0Nimekk\u00e4in Ynnin koripalloilijoista on presidentti Martti Ahtisaari, joka toimi my\u00f6s edustusjoukkueen joukkueenjohtajana Suomi-sarjassa 1950\/60-lukujen taitteessa.<\/p>\n<p>Suomessa pelattiin ensimm\u00e4inen virallinen koripallo-ottelu t\u00e4ysimittaisella sis\u00e4kent\u00e4ll\u00e4 maaliskuussa 1939. Samana vuonna pelattiin ensimm\u00e4isen kerran Suomen mestaruudesta.\u00a0T\u00e4rkeimpi\u00e4 rajapyykkej\u00e4 Suomen korishistoriassa l\u00f6yd\u00e4t koripalloliiton sivuilta osoitteesta: <a title=\"Tietoa koripallon historiasta\" href=\"http:\/\/www.basket.fi\/asiakaspalvelu\/koriksen_abc\/historia\/\" target=\"_blank\">http:\/\/www.basket.fi\/koripallon historia\/<br \/>\n<\/a><\/p>\n","protected":false},"excerpt":{"rendered":"<p>Yleist\u00e4 Koripalloilijoiden tavoitteena on tarjota kaikille koripalloa harrastaville tasonsa mukaista toimintaa, harrastelijoille harrastustoimintaa ja kilpajoukkueille mahdollisuus edet\u00e4 tasonsa mukaisiin sarjoihin. Haluamme mahdollistaa koripallon harrastamiseen niin pelaajana, valmentajana, erotuomarina kuin seura-aktiivinakin. Oulun NMKY ry:n Urheilijoiden koripallotoimintaa johtaa koripalloilijoiden johtokunta ONMKY ry:n s\u00e4\u00e4nt\u00f6jen puitteissa. Johtokunnan kokouksiin osallistuvat my\u00f6s koripallon nuorisop\u00e4\u00e4llikk\u00f6 ja yhdistyksen toiminnanjohtaja. Johtokunta kokoontuu noin kerran [&hellip;]<\/p>\n","protected":false},"author":86,"featured_media":0,"parent":0,"menu_order":1,"comment_status":"open","ping_status":"open","template":"page_seurainfo.php","meta":{"_et_pb_use_builder":"","_et_pb_old_content":"","_et_gb_content_width":"","footnotes":""},"class_list":["post-4","page","type-page","status-publish","hentry"],"_links":{"self":[{"href":"https:\/\/onmky.fi\/osastot\/koripallo\/blog\/wp-json\/wp\/v2\/pages\/4","targetHints":{"allow":["GET"]}}],"collection":[{"href":"https:\/\/onmky.fi\/osastot\/koripallo\/blog\/wp-json\/wp\/v2\/pages"}],"about":[{"href":"https:\/\/onmky.fi\/osastot\/koripallo\/blog\/wp-json\/wp\/v2\/types\/page"}],"author":[{"embeddable":true,"href":"https:\/\/onmky.fi\/osastot\/koripallo\/blog\/wp-json\/wp\/v2\/users\/86"}],"replies":[{"embeddable":true,"href":"https:\/\/onmky.fi\/osastot\/koripallo\/blog\/wp-json\/wp\/v2\/comments?post=4"}],"version-history":[{"count":26,"href":"https:\/\/onmky.fi\/osastot\/koripallo\/blog\/wp-json\/wp\/v2\/pages\/4\/revisions"}],"predecessor-version":[{"id":4123,"href":"https:\/\/onmky.fi\/osastot\/koripallo\/blog\/wp-json\/wp\/v2\/pages\/4\/revisions\/4123"}],"wp:attachment":[{"href":"https:\/\/onmky.fi\/osastot\/koripallo\/blog\/wp-json\/wp\/v2\/media?parent=4"}],"curies":[{"name":"wp","href":"https:\/\/api.w.org\/{rel}","templated":true}]}}