{"id":5592,"date":"2017-02-13T18:36:59","date_gmt":"2017-02-13T15:36:59","guid":{"rendered":"http:\/\/onmky.fi\/osastot\/koripallo\/blog\/?page_id=5592"},"modified":"2026-02-05T09:27:33","modified_gmt":"2026-02-05T06:27:33","slug":"info","status":"publish","type":"page","link":"https:\/\/onmky.fi\/osastot\/koripallo\/blog\/info\/","title":{"rendered":"Info"},"content":{"rendered":"<p>[et_pb_section fb_built=&#8221;1&#8243; admin_label=&#8221;section&#8221; _builder_version=&#8221;4.16&#8243; transparent_background=&#8221;off&#8221; global_colors_info=&#8221;{}&#8221;][et_pb_row column_structure=&#8221;1_3,1_3,1_3&#8243; admin_label=&#8221;row&#8221; _builder_version=&#8221;4.16&#8243; background_size=&#8221;initial&#8221; background_position=&#8221;top_left&#8221; background_repeat=&#8221;repeat&#8221; global_colors_info=&#8221;{}&#8221;][et_pb_column type=&#8221;1_3&#8243; _builder_version=&#8221;4.16&#8243; custom_padding=&#8221;|||&#8221; global_colors_info=&#8221;{}&#8221; custom_padding__hover=&#8221;|||&#8221;][et_pb_text _builder_version=&#8221;4.27.4&#8243; background_size=&#8221;initial&#8221; background_position=&#8221;top_left&#8221; background_repeat=&#8221;repeat&#8221; use_border_color=&#8221;off&#8221; border_style=&#8221;solid&#8221; global_colors_info=&#8221;{}&#8221;]<\/p>\n<h2>MUKAAN SEURATOIMINTAAN<\/h2>\n<p>Seurassamme voit kouluttautua valmentajaksi, erotuomariksi tai toimitsijaksi.\u00a0Etsimme koko ajan mukaan toimintaamme uusia kerho-ohjaajia, juniorijoukkueiden valmentajia sek\u00e4 erotuomareita. Mik\u00e4li olet kiinnostunut toiminnastamme ota yhteytt\u00e4 nuorisop\u00e4\u00e4llikk\u00f6\u00f6n.<\/p>\n<h2>VALMENTAJAKSI<\/h2>\n<p>Valmentajaksi tarvitaan annos innostusta ja lajin perustiet\u00e4myst\u00e4. Koulutamme valmentajiamme seuran sis\u00e4isen koulutuksen avulla sek\u00e4 Koripalloliiton j\u00e4rjest\u00e4mill\u00e4 koulutuksilla. Etsimme lis\u00e4ksi kerho-ohjaajia iltap\u00e4iv\u00e4kerhoihin.<\/p>\n<h2>EROTUOMARIKSI<\/h2>\n<p>J\u00e4rjest\u00e4mme yhteisty\u00f6ss\u00e4 Koripalloliiton kanssa erotuomarikoulutuksia vuosittain.<\/p>\n<h2>TOIMITSIJAKSI<\/h2>\n<p>J\u00e4rjest\u00e4mme toimitsijakoulutusta kaksi kertaa vuodessa. Toimitsijateht\u00e4v\u00e4t perustuvat vapaaehtoisuuteen, mutta ovat sit\u00e4kin t\u00e4rke\u00e4mpi teht\u00e4v\u00e4 kaikille sarjatoimintaan osallistuville joukkueille. Toimitsijan perusteht\u00e4vi\u00e4 ovat mm. ottelup\u00f6yt\u00e4kirjan t\u00e4ytt\u00e4minen, tulostaulun tai hy\u00f6kk\u00e4ysaikakellon pit\u00e4minen.<\/p>\n<p>[\/et_pb_text][\/et_pb_column][et_pb_column type=&#8221;1_3&#8243; _builder_version=&#8221;4.16&#8243; custom_padding=&#8221;|||&#8221; global_colors_info=&#8221;{}&#8221; custom_padding__hover=&#8221;|||&#8221;][et_pb_text _builder_version=&#8221;4.16&#8243; background_size=&#8221;initial&#8221; background_position=&#8221;top_left&#8221; background_repeat=&#8221;repeat&#8221; use_border_color=&#8221;off&#8221; border_style=&#8221;solid&#8221; global_colors_info=&#8221;{}&#8221;]<\/p>\n<h2>PELAAJILLE JA VANHEMMILLE<\/h2>\n<p><a title=\"Laatuk\u00e4sikirja 2017\" href=\"..\/wp-content\/uploads\/2017\/05\/ONMKY_laatu_2017.pdf\" target=\"_blank\" rel=\"noopener noreferrer\">Laatuk\u00e4sikirja (pdf.tiedosto)<\/a><\/p>\n<p><a title=\"ONMKY j\u00e4senedut 2017\" href=\"https:\/\/www.onmky.fi\/jasenedut2\/\" target=\"_blank\" rel=\"noopener noreferrer\">Oulun NMKY:n j\u00e4senedut<\/a><\/p>\n<p><a href=\"http:\/\/www.onmky.fi\/osastot\/koripallo\/docs\/ravinto.pdf\" target=\"_blank\" rel=\"noopener noreferrer\">Ravinto-opas<\/a><\/p>\n<p><a href=\"..\/wp-content\/uploads\/2016\/02\/Nuoren-koripalloilijat-vammojen-ennaltaehk%C3%A4isy-ja-kuntouttaminen-Meri-Peuhkurinen-21.2.2016.pdf\" target=\"_blank\" rel=\"noopener noreferrer\">Nuoren koripalloilijan vammojen ennaltaehk\u00e4isy, kuntouttaminen ja lihashuolto<\/a><\/p>\n<p>[\/et_pb_text][et_pb_image src=&#8221;https:\/\/onmky.fi\/osastot\/koripallo\/blog\/wp-content\/uploads\/2021\/06\/koriskaavio-2_OULUN-NMKY-scaled.jpg&#8221; title_text=&#8221;koriskaavio 2_OULUN NMKY&#8221; _builder_version=&#8221;4.16&#8243; _module_preset=&#8221;default&#8221; custom_padding=&#8221;||50px|||&#8221; global_colors_info=&#8221;{}&#8221;][\/et_pb_image][\/et_pb_column][et_pb_column type=&#8221;1_3&#8243; _builder_version=&#8221;4.16&#8243; custom_padding=&#8221;|||&#8221; global_colors_info=&#8221;{}&#8221; custom_padding__hover=&#8221;|||&#8221;][et_pb_text _builder_version=&#8221;4.27.4&#8243; background_size=&#8221;initial&#8221; background_position=&#8221;top_left&#8221; background_repeat=&#8221;repeat&#8221; use_border_color=&#8221;off&#8221; global_colors_info=&#8221;{}&#8221;]<\/p>\n<h2>KORIPALLOILIJOIDEN JOHTOKUNTA<\/h2>\n<p><strong>J\u00e4senet:<br \/><\/strong>Jussi Eskola, puheenjohtaja, 040 7705515<br \/>Jaakko Jalonen<br \/>Essi Siponen<br \/>Kalle Pentti<br \/>Mikko Suomela<br \/>Santeri Makkonen<br \/>Aapo H\u00e4kli<br \/>Antero Lehtonen<br \/>Mika Lepp\u00e4nen<\/p>\n<p><strong>Johtokunnan s\u00e4hk\u00f6posti<br \/><\/strong><a href=\"mailto:koripallo@onmky.fi\">koripallo@onmky.fi<\/a><\/p>\n<h2>OULUN NMKY:N TOIMISTO<\/h2>\n<p>Raatintie 7, 90100 OULU<br \/>e-mail: koripallo (at) onmky.fi<br \/>kotisivut: <a title=\"Oulun NMKY\" href=\"http:\/\/www.onmky.fi\/\" target=\"_blank\" rel=\"noopener noreferrer\">www.onmky.fi<\/a> (p\u00e4\u00e4yhdistys)<br \/>kotisivut: <a href=\"..\/\">www.onmky.fi\/koripallo<\/a> (koripalloilijat)<\/p>\n<p><strong>Oulun NMKY:n kaikki yhteystiedot <a href=\"https:\/\/www.onmky.fi\/yhteystiedot2\/\">t\u00e4\u00e4ll\u00e4.<\/a><\/strong><\/p>\n<p>[\/et_pb_text][\/et_pb_column][\/et_pb_row][\/et_pb_section][et_pb_section fb_built=&#8221;1&#8243; _builder_version=&#8221;4.27.4&#8243; _module_preset=&#8221;default&#8221; custom_padding=&#8221;1px|||||&#8221; global_module=&#8221;8195&#8243; saved_tabs=&#8221;all&#8221; collapsed=&#8221;off&#8221; global_colors_info=&#8221;{}&#8221;][et_pb_row column_structure=&#8221;1_4,1_4,1_4,1_4&#8243; _builder_version=&#8221;4.16&#8243; background_size=&#8221;initial&#8221; background_position=&#8221;top_left&#8221; background_repeat=&#8221;repeat&#8221; global_colors_info=&#8221;{}&#8221;][et_pb_column type=&#8221;1_4&#8243; _builder_version=&#8221;4.16&#8243; custom_padding=&#8221;|||&#8221; global_colors_info=&#8221;{}&#8221; custom_padding__hover=&#8221;|||&#8221;][et_pb_text admin_label=&#8221;Osoite&#8221; _builder_version=&#8221;4.16&#8243; background_size=&#8221;initial&#8221; background_position=&#8221;top_left&#8221; background_repeat=&#8221;repeat&#8221; use_border_color=&#8221;off&#8221; border_style=&#8221;solid&#8221; global_colors_info=&#8221;{}&#8221;]<\/p>\n<p><strong>Osoite:<\/strong><\/p>\n<p>Raatintie 7<br \/>90100 Oulu<\/p>\n<p>[\/et_pb_text][\/et_pb_column][et_pb_column type=&#8221;1_4&#8243; _builder_version=&#8221;4.16&#8243; custom_padding=&#8221;|||&#8221; global_colors_info=&#8221;{}&#8221; custom_padding__hover=&#8221;|||&#8221;][et_pb_text admin_label=&#8221;Yhteystiedot&#8221; _builder_version=&#8221;4.27.4&#8243; background_size=&#8221;initial&#8221; background_position=&#8221;top_left&#8221; background_repeat=&#8221;repeat&#8221; use_border_color=&#8221;off&#8221; border_style=&#8221;solid&#8221; global_colors_info=&#8221;{}&#8221;]<\/p>\n<p><strong>Yhteydenotot<\/strong><\/p>\n<p>koripallo@onmky.fi<\/p>\n<p>[\/et_pb_text][\/et_pb_column][et_pb_column type=&#8221;1_4&#8243; _builder_version=&#8221;4.16&#8243; custom_padding=&#8221;|||&#8221; global_colors_info=&#8221;{}&#8221; custom_padding__hover=&#8221;|||&#8221;][et_pb_text admin_label=&#8221;Yhteisty\u00f6kumppani&#8221; _builder_version=&#8221;4.16&#8243; background_size=&#8221;initial&#8221; background_position=&#8221;top_left&#8221; background_repeat=&#8221;repeat&#8221; use_border_color=&#8221;off&#8221; border_style=&#8221;solid&#8221; global_colors_info=&#8221;{}&#8221;]<strong>Yhteisty\u00f6kumppani<\/strong><br \/>\n<img loading=\"lazy\" decoding=\"async\" class=\"alignleft wp-image-3923\" src=\"http:\/\/onmky.fi\/osastot\/koripallo\/blog\/wp-content\/uploads\/2017\/02\/Stadium_logo.svg_-1.png\" alt=\"Stadium_logo.svg\" width=\"154\" height=\"30\" \/>[\/et_pb_text][\/et_pb_column][et_pb_column type=&#8221;1_4&#8243; _builder_version=&#8221;4.16&#8243; custom_padding=&#8221;|||&#8221; global_colors_info=&#8221;{}&#8221; custom_padding__hover=&#8221;|||&#8221;][et_pb_text admin_label=&#8221;Facebook&#8221; _builder_version=&#8221;4.27.4&#8243; background_size=&#8221;initial&#8221; background_position=&#8221;top_left&#8221; background_repeat=&#8221;repeat&#8221; use_border_color=&#8221;off&#8221; border_style=&#8221;solid&#8221; global_colors_info=&#8221;{}&#8221;][\/et_pb_text][\/et_pb_column][\/et_pb_row][\/et_pb_section]<\/p>\n","protected":false},"excerpt":{"rendered":"<p>MUKAAN SEURATOIMINTAAN Seurassamme voit kouluttautua valmentajaksi, erotuomariksi tai toimitsijaksi.\u00a0Etsimme koko ajan mukaan toimintaamme uusia kerho-ohjaajia, juniorijoukkueiden valmentajia sek\u00e4 erotuomareita. Mik\u00e4li olet kiinnostunut toiminnastamme ota yhteytt\u00e4 nuorisop\u00e4\u00e4llikk\u00f6\u00f6n. VALMENTAJAKSI Valmentajaksi tarvitaan annos innostusta ja lajin perustiet\u00e4myst\u00e4. Koulutamme valmentajiamme seuran sis\u00e4isen koulutuksen avulla sek\u00e4 Koripalloliiton j\u00e4rjest\u00e4mill\u00e4 koulutuksilla. Etsimme lis\u00e4ksi kerho-ohjaajia iltap\u00e4iv\u00e4kerhoihin. EROTUOMARIKSI J\u00e4rjest\u00e4mme yhteisty\u00f6ss\u00e4 Koripalloliiton kanssa erotuomarikoulutuksia vuosittain. [&hellip;]<\/p>\n","protected":false},"author":86,"featured_media":0,"parent":0,"menu_order":0,"comment_status":"closed","ping_status":"closed","template":"","meta":{"_et_pb_use_builder":"on","_et_pb_old_content":"","_et_gb_content_width":"","footnotes":""},"class_list":["post-5592","page","type-page","status-publish","hentry"],"_links":{"self":[{"href":"https:\/\/onmky.fi\/osastot\/koripallo\/blog\/wp-json\/wp\/v2\/pages\/5592","targetHints":{"allow":["GET"]}}],"collection":[{"href":"https:\/\/onmky.fi\/osastot\/koripallo\/blog\/wp-json\/wp\/v2\/pages"}],"about":[{"href":"https:\/\/onmky.fi\/osastot\/koripallo\/blog\/wp-json\/wp\/v2\/types\/page"}],"author":[{"embeddable":true,"href":"https:\/\/onmky.fi\/osastot\/koripallo\/blog\/wp-json\/wp\/v2\/users\/86"}],"replies":[{"embeddable":true,"href":"https:\/\/onmky.fi\/osastot\/koripallo\/blog\/wp-json\/wp\/v2\/comments?post=5592"}],"version-history":[{"count":52,"href":"https:\/\/onmky.fi\/osastot\/koripallo\/blog\/wp-json\/wp\/v2\/pages\/5592\/revisions"}],"predecessor-version":[{"id":8802,"href":"https:\/\/onmky.fi\/osastot\/koripallo\/blog\/wp-json\/wp\/v2\/pages\/5592\/revisions\/8802"}],"wp:attachment":[{"href":"https:\/\/onmky.fi\/osastot\/koripallo\/blog\/wp-json\/wp\/v2\/media?parent=5592"}],"curies":[{"name":"wp","href":"https:\/\/api.w.org\/{rel}","templated":true}]}}