{"id":5594,"date":"2017-02-13T18:37:57","date_gmt":"2017-02-13T15:37:57","guid":{"rendered":"http:\/\/onmky.fi\/osastot\/koripallo\/blog\/?page_id=5594"},"modified":"2026-04-28T15:17:52","modified_gmt":"2026-04-28T12:17:52","slug":"laatuseura","status":"publish","type":"page","link":"https:\/\/onmky.fi\/osastot\/koripallo\/blog\/laatuseura\/","title":{"rendered":"Laatuseura"},"content":{"rendered":"<p>[et_pb_section fb_built=&#8221;1&#8243; admin_label=&#8221;section&#8221; _builder_version=&#8221;4.16&#8243; global_colors_info=&#8221;{}&#8221;][et_pb_row column_structure=&#8221;1_3,1_3,1_3&#8243; admin_label=&#8221;row&#8221; _builder_version=&#8221;4.16&#8243; background_size=&#8221;initial&#8221; background_position=&#8221;top_left&#8221; background_repeat=&#8221;repeat&#8221; global_colors_info=&#8221;{}&#8221;][et_pb_column type=&#8221;1_3&#8243; _builder_version=&#8221;4.16&#8243; custom_padding=&#8221;|||&#8221; global_colors_info=&#8221;{}&#8221; custom_padding__hover=&#8221;|||&#8221;][et_pb_text _builder_version=&#8221;4.27.4&#8243; background_size=&#8221;initial&#8221; background_position=&#8221;top_left&#8221; background_repeat=&#8221;repeat&#8221; custom_margin=&#8221;||56px|||&#8221; use_border_color=&#8221;off&#8221; border_color=&#8221;#ffffff&#8221; border_style=&#8221;solid&#8221; inline_fonts=&#8221;PT Sans Caption&#8221; global_colors_info=&#8221;{}&#8221;]<\/p>\n<h2>LAATUSEURA<\/h2>\n<p data-start=\"124\" data-end=\"395\">Seurassamme on panostettu pitk\u00e4j\u00e4nteisesti junioritoiminnan laatuun. Aloitimme vuonna 2003 Suomen Koripalloliiton laatuj\u00e4rjestelm\u00e4n mukaisen kehitysty\u00f6n, jonka tavoitteena on yhten\u00e4ist\u00e4\u00e4 toimintatapoja, selkeytt\u00e4\u00e4 rooleja ja kehitt\u00e4\u00e4 seuran toimintaa suunnitelmallisesti.<br \/>Ker\u00e4\u00e4mme vuosittain palautetta pelaajilta ja heid\u00e4n huoltajiltaan. Saatua palautetta hy\u00f6dynnet\u00e4\u00e4n toiminnan jatkuvassa kehitt\u00e4misess\u00e4.<\/p>\n<p data-start=\"124\" data-end=\"395\">Oulun NMKY:lle on my\u00f6nnetty Nuori Suomi -Sinetti vuonna 2008 <a title=\"Nuori Suomi\" href=\"http:\/\/www.nuorisuomi.fi\/\" target=\"_blank\" rel=\"noopener noreferrer\">Nuori Suomen<\/a>  toimesta.<br \/>Sinetti on tunnustus laadukkaasta nuorisotoiminnasta ja sit\u00e4 my\u00f6nnet\u00e4\u00e4n seuroille, jotka t\u00e4ytt\u00e4v\u00e4t valtakunnalliset laatukriteerit. ONMKY on yksi harvoista koripalloseuroista Suomessa, joille t\u00e4m\u00e4 tunnustus on my\u00f6nnetty.<\/p>\n<p data-start=\"827\" data-end=\"1029\">Suomen Koripalloliitto on lis\u00e4ksi palkinnut Oulun NMKY:n nuorisokoripallotoiminnan laadusta. Seura on saanut Kultainen Kori -laatusertifikaatin, joka on my\u00f6nnetty vain harvoille suomalaisille seuroille.<br \/>Sertifikaatti edellytt\u00e4\u00e4 korkeatasoista toimintaa muun muassa valmennuksessa, koulutuksessa, kilpailutoiminnassa, viestinn\u00e4ss\u00e4 ja seuratoiminnan kokonaisuudessa.<\/p>\n<p>&nbsp;<\/p>\n<h2>T\u00c4HTISEURA<\/h2>\n<p data-start=\"72\" data-end=\"197\">T\u00e4htiseura-ohjelma on suomalaisen seuratoiminnan laatuohjelma, jonka tavoitteena on kehitt\u00e4\u00e4 ja vahvistaa seurojen toimintaa.<br \/>T\u00e4htimerkki on tunnus siit\u00e4, ett\u00e4 seura t\u00e4ytt\u00e4\u00e4 ohjelmassa m\u00e4\u00e4ritellyt laatukriteerit ja kehitt\u00e4\u00e4 toimintaansa suunnitelmallisesti.<\/p>\n<p>&nbsp;<\/p>\n<p>[\/et_pb_text][\/et_pb_column][et_pb_column type=&#8221;1_3&#8243; _builder_version=&#8221;4.16&#8243; custom_padding=&#8221;|||&#8221; global_colors_info=&#8221;{}&#8221; custom_padding__hover=&#8221;|||&#8221;][et_pb_text _builder_version=&#8221;4.27.4&#8243; background_size=&#8221;initial&#8221; background_position=&#8221;top_left&#8221; background_repeat=&#8221;repeat&#8221; use_border_color=&#8221;off&#8221; border_color=&#8221;#ffffff&#8221; border_style=&#8221;solid&#8221; global_colors_info=&#8221;{}&#8221;]<\/p>\n<h2>PERUSARVOT<\/h2>\n<p><strong>Kasvatuksellisuus<br \/><\/strong>Koripalloilun oppimisen lis\u00e4ksi tavoitteena on kasvattaa nuorista toisia kunnioittavia ja kuuntelevia sek\u00e4 el\u00e4m\u00e4ntavoiltaan urheilullisia ihmisi\u00e4.<\/p>\n<p><strong>Tasavertaisuus<br \/><\/strong>Kaikkien seurassa toimivien junioreiden, valmentajien, seura-aktiivien ja huoltajien tulee kokea olevansa t\u00e4rke\u00e4 osa seuramme toimintaa.<\/p>\n<p><strong>Toisten huomioon ottaminen<br \/><\/strong>Jokaiselle juniorille tarjotaan yksil\u00f6llist\u00e4, tasapuolista ja oikeudenmukaista kohtelua h\u00e4nen omien l\u00e4ht\u00f6kohtiensa ja tavoitteidensa mukaisesti.<\/p>\n<h2>TOIMINTAA OHJAAVAT PERIAATTEET<\/h2>\n<p><strong>Laadukkuus<br \/><\/strong>Tarjoamme korkealaatuisen toimintaymp\u00e4rist\u00f6n kaikille ik\u00e4luokille. Haluamme innostaa pelaajia jatkamaan lajin parissa my\u00f6s vanhemmissa ik\u00e4luokissa \u2013 pelaajina, valmentajina tai erotuomareina. Toimintamme perustuu sertifioituun laatuj\u00e4rjestelm\u00e4\u00e4n.<\/p>\n<p><strong>Monipuolisuus<br \/><\/strong>Panostamme valmennuksen ja ohjauksen monipuolisuuteen. Kehit\u00e4mme yleisi\u00e4 liikunnallisia taitoja koripallon lajitaitojen rinnalla ja kannustamme harrastamaan my\u00f6s muita lajeja.<\/p>\n<p><strong>Yhteis\u00f6llisyys<br \/><\/strong>Haluamme, ett\u00e4 jokainen juniori ja heid\u00e4n huoltajansa kokevat olevansa osa yhteis\u00f6\u00e4mme ja Ynnil\u00e4ist\u00e4 koripallokulttuuria. Palkitsemme ansioituneita pelaajia ja seuratoimijoita vuosittain yhteisess\u00e4 juhlatilaisuudessa.<\/p>\n<p><strong>Vastuullisuus<br \/><\/strong>Ohjaamme seuran j\u00e4seni\u00e4 kunnioittamaan toisiaan, noudattamaan yhteisi\u00e4 pelis\u00e4\u00e4nt\u00f6j\u00e4 ja yll\u00e4pit\u00e4m\u00e4\u00e4n positiivista ja urheilullista ilmapiiri\u00e4.<\/p>\n<p><strong>Kansainv\u00e4lisyys<br \/><\/strong>Kannustamme joukkueita osallistumaan kansainv\u00e4lisiin turnauksiin sek\u00e4 kotimaassa ett\u00e4 ulkomailla uusien kokemusten ja kontaktien saamiseksi.<\/p>\n<h2>\u00a0<\/h2>\n<p>[\/et_pb_text][\/et_pb_column][et_pb_column type=&#8221;1_3&#8243; _builder_version=&#8221;4.16&#8243; custom_padding=&#8221;|||&#8221; global_colors_info=&#8221;{}&#8221; custom_padding__hover=&#8221;|||&#8221;][et_pb_text _builder_version=&#8221;4.27.4&#8243; background_size=&#8221;initial&#8221; background_position=&#8221;top_left&#8221; background_repeat=&#8221;repeat&#8221; hover_enabled=&#8221;0&#8243; use_border_color=&#8221;off&#8221; border_color=&#8221;#ffffff&#8221; border_style=&#8221;solid&#8221; global_colors_info=&#8221;{}&#8221; sticky_enabled=&#8221;0&#8243;]<\/p>\n<h2>SEURATOIMINNAN ARVIOINTI JA KEHITT\u00c4MINEN<\/h2>\n<p data-start=\"43\" data-end=\"259\">Arvioimme toimintaamme kauden p\u00e4\u00e4ttyess\u00e4 toteutettavalla tyytyv\u00e4isyyskyselyll\u00e4 pelaajille ja heid\u00e4n huoltajilleen. Lis\u00e4ksi j\u00e4rjest\u00e4mme vuosittain valmentajille palautetilaisuuden, jossa k\u00e4yd\u00e4\u00e4n l\u00e4pi kulunutta kautta.<\/p>\n<p data-start=\"261\" data-end=\"358\">Koripalloilijoiden johtokunta kokoontuu my\u00f6s vuosittain suunnittelemaan ja kehitt\u00e4m\u00e4\u00e4n toimintaa.<\/p>\n<h2>PELIS\u00c4\u00c4NN\u00d6T<\/h2>\n<p>Jokainen joukkue noudattaa Koripalloilijoiden yhteisi\u00e4 pelis\u00e4\u00e4nt\u00f6j\u00e4:<\/p>\n<p>1.Tasavertaisuus<br \/>2.Toisten huomioonottaminen<br \/>3.Ehdoton ei tupakalle, p\u00e4ihteille ja huumeille<\/p>\n<p data-start=\"257\" data-end=\"393\">Sinettiseura-toiminnan my\u00f6t\u00e4 jokaisessa harjoitusryhm\u00e4ss\u00e4 k\u00e4yd\u00e4\u00e4n l\u00e4pi Nuori Suomi -ohjelmaan kuuluva Operaatio Pelis\u00e4\u00e4nn\u00f6t -keskustelu.<\/p>\n<p data-start=\"395\" data-end=\"674\">Operaatio Pelis\u00e4\u00e4nt\u00f6jen tavoitteena on oppia keskustelemaan ja kuuntelemaan seuran j\u00e4seni\u00e4 \u2013 niin lapsia kuin aikuisia \u2013 sek\u00e4 toimimaan yhdess\u00e4 sovittujen periaatteiden mukaisesti. Tavoitteena on, ett\u00e4 sek\u00e4 lapset ett\u00e4 aikuiset kokevat harrastuksen mielekk\u00e4\u00e4ksi ja turvalliseksi.<\/p>\n<p data-start=\"676\" data-end=\"776\">Joukkueet voivat lis\u00e4ksi laatia omia, yhteisi\u00e4 s\u00e4\u00e4nt\u00f6j\u00e4 t\u00e4ydent\u00e4vi\u00e4 pelis\u00e4\u00e4nt\u00f6j\u00e4, kuten esimerkiksi:<br \/>\u2013 kilpailulliset tavoitteet<br data-start=\"805\" data-end=\"808\" \/>\u00a0 \u00a0\u2013 harjoittelun tavoitteet<br data-start=\"823\" data-end=\"826\" \/>\u00a0 \u00a0\u2013 hyv\u00e4n ilmapiirin yll\u00e4pit\u00e4minen<\/p>\n<p>[\/et_pb_text][et_pb_text _builder_version=&#8221;4.27.4&#8243; _module_preset=&#8221;default&#8221; global_colors_info=&#8221;{}&#8221;][\/et_pb_text][\/et_pb_column][\/et_pb_row][et_pb_row _builder_version=&#8221;4.16&#8243; background_size=&#8221;initial&#8221; background_position=&#8221;top_left&#8221; background_repeat=&#8221;repeat&#8221; global_colors_info=&#8221;{}&#8221;][et_pb_column type=&#8221;4_4&#8243; _builder_version=&#8221;4.16&#8243; custom_padding=&#8221;|||&#8221; global_colors_info=&#8221;{}&#8221; custom_padding__hover=&#8221;|||&#8221;][et_pb_divider color=&#8221;#000000&#8243; disabled_on=&#8221;on|on|off&#8221; _builder_version=&#8221;4.16&#8243; hide_on_mobile=&#8221;on&#8221; global_colors_info=&#8221;{}&#8221;][\/et_pb_divider][\/et_pb_column][\/et_pb_row][\/et_pb_section][et_pb_section fb_built=&#8221;1&#8243; _builder_version=&#8221;4.27.4&#8243; _module_preset=&#8221;default&#8221; custom_padding=&#8221;1px|||||&#8221; global_module=&#8221;8195&#8243; collapsed=&#8221;off&#8221; global_colors_info=&#8221;{}&#8221;][et_pb_row column_structure=&#8221;1_4,1_4,1_4,1_4&#8243; _builder_version=&#8221;4.16&#8243; background_size=&#8221;initial&#8221; background_position=&#8221;top_left&#8221; background_repeat=&#8221;repeat&#8221; global_colors_info=&#8221;{}&#8221;][et_pb_column type=&#8221;1_4&#8243; _builder_version=&#8221;4.16&#8243; custom_padding=&#8221;|||&#8221; global_colors_info=&#8221;{}&#8221; custom_padding__hover=&#8221;|||&#8221;][et_pb_text admin_label=&#8221;Osoite&#8221; _builder_version=&#8221;4.16&#8243; background_size=&#8221;initial&#8221; background_position=&#8221;top_left&#8221; background_repeat=&#8221;repeat&#8221; use_border_color=&#8221;off&#8221; border_style=&#8221;solid&#8221; global_colors_info=&#8221;{}&#8221;]<\/p>\n<p><strong>Osoite:<\/strong><\/p>\n<p>Raatintie 7<br \/>90100 Oulu<\/p>\n<p>[\/et_pb_text][\/et_pb_column][et_pb_column type=&#8221;1_4&#8243; _builder_version=&#8221;4.16&#8243; custom_padding=&#8221;|||&#8221; global_colors_info=&#8221;{}&#8221; custom_padding__hover=&#8221;|||&#8221;][et_pb_text admin_label=&#8221;Yhteystiedot&#8221; _builder_version=&#8221;4.27.4&#8243; background_size=&#8221;initial&#8221; background_position=&#8221;top_left&#8221; background_repeat=&#8221;repeat&#8221; use_border_color=&#8221;off&#8221; border_style=&#8221;solid&#8221; global_colors_info=&#8221;{}&#8221;]<\/p>\n<p><strong>Yhteydenotot<\/strong><\/p>\n<p>koripallo@onmky.fi<\/p>\n<p>[\/et_pb_text][\/et_pb_column][et_pb_column type=&#8221;1_4&#8243; _builder_version=&#8221;4.16&#8243; custom_padding=&#8221;|||&#8221; global_colors_info=&#8221;{}&#8221; custom_padding__hover=&#8221;|||&#8221;][et_pb_text admin_label=&#8221;Yhteisty\u00f6kumppani&#8221; _builder_version=&#8221;4.16&#8243; background_size=&#8221;initial&#8221; background_position=&#8221;top_left&#8221; background_repeat=&#8221;repeat&#8221; use_border_color=&#8221;off&#8221; border_style=&#8221;solid&#8221; global_colors_info=&#8221;{}&#8221;]<strong>Yhteisty\u00f6kumppani<\/strong><br \/>\n<img loading=\"lazy\" decoding=\"async\" class=\"alignleft wp-image-3923\" src=\"http:\/\/onmky.fi\/osastot\/koripallo\/blog\/wp-content\/uploads\/2017\/02\/Stadium_logo.svg_-1.png\" alt=\"Stadium_logo.svg\" width=\"154\" height=\"30\" \/>[\/et_pb_text][\/et_pb_column][et_pb_column type=&#8221;1_4&#8243; _builder_version=&#8221;4.16&#8243; custom_padding=&#8221;|||&#8221; global_colors_info=&#8221;{}&#8221; custom_padding__hover=&#8221;|||&#8221;][et_pb_text admin_label=&#8221;Facebook&#8221; _builder_version=&#8221;4.27.4&#8243; background_size=&#8221;initial&#8221; background_position=&#8221;top_left&#8221; background_repeat=&#8221;repeat&#8221; use_border_color=&#8221;off&#8221; border_style=&#8221;solid&#8221; global_colors_info=&#8221;{}&#8221;][\/et_pb_text][\/et_pb_column][\/et_pb_row][\/et_pb_section]<\/p>\n","protected":false},"excerpt":{"rendered":"<p>LAATUSEURA Seurassamme on panostettu pitk\u00e4j\u00e4nteisesti junioritoiminnan laatuun. Aloitimme vuonna 2003 Suomen Koripalloliiton laatuj\u00e4rjestelm\u00e4n mukaisen kehitysty\u00f6n, jonka tavoitteena on yhten\u00e4ist\u00e4\u00e4 toimintatapoja, selkeytt\u00e4\u00e4 rooleja ja kehitt\u00e4\u00e4 seuran toimintaa suunnitelmallisesti.Ker\u00e4\u00e4mme vuosittain palautetta pelaajilta ja heid\u00e4n huoltajiltaan. Saatua palautetta hy\u00f6dynnet\u00e4\u00e4n toiminnan jatkuvassa kehitt\u00e4misess\u00e4. Oulun NMKY:lle on my\u00f6nnetty Nuori Suomi -Sinetti vuonna 2008 Nuori Suomen toimesta.Sinetti on tunnustus laadukkaasta nuorisotoiminnasta [&hellip;]<\/p>\n","protected":false},"author":86,"featured_media":0,"parent":0,"menu_order":0,"comment_status":"closed","ping_status":"closed","template":"","meta":{"_et_pb_use_builder":"on","_et_pb_old_content":"","_et_gb_content_width":"","footnotes":""},"class_list":["post-5594","page","type-page","status-publish","hentry"],"_links":{"self":[{"href":"https:\/\/onmky.fi\/osastot\/koripallo\/blog\/wp-json\/wp\/v2\/pages\/5594","targetHints":{"allow":["GET"]}}],"collection":[{"href":"https:\/\/onmky.fi\/osastot\/koripallo\/blog\/wp-json\/wp\/v2\/pages"}],"about":[{"href":"https:\/\/onmky.fi\/osastot\/koripallo\/blog\/wp-json\/wp\/v2\/types\/page"}],"author":[{"embeddable":true,"href":"https:\/\/onmky.fi\/osastot\/koripallo\/blog\/wp-json\/wp\/v2\/users\/86"}],"replies":[{"embeddable":true,"href":"https:\/\/onmky.fi\/osastot\/koripallo\/blog\/wp-json\/wp\/v2\/comments?post=5594"}],"version-history":[{"count":25,"href":"https:\/\/onmky.fi\/osastot\/koripallo\/blog\/wp-json\/wp\/v2\/pages\/5594\/revisions"}],"predecessor-version":[{"id":8844,"href":"https:\/\/onmky.fi\/osastot\/koripallo\/blog\/wp-json\/wp\/v2\/pages\/5594\/revisions\/8844"}],"wp:attachment":[{"href":"https:\/\/onmky.fi\/osastot\/koripallo\/blog\/wp-json\/wp\/v2\/media?parent=5594"}],"curies":[{"name":"wp","href":"https:\/\/api.w.org\/{rel}","templated":true}]}}