{"id":5599,"date":"2017-02-13T18:43:07","date_gmt":"2017-02-13T15:43:07","guid":{"rendered":"http:\/\/onmky.fi\/osastot\/koripallo\/blog\/?page_id=5599"},"modified":"2026-04-24T10:29:17","modified_gmt":"2026-04-24T07:29:17","slug":"infoa-uudelle-pelaajalle","status":"publish","type":"page","link":"https:\/\/onmky.fi\/osastot\/koripallo\/blog\/infoa-uudelle-pelaajalle\/","title":{"rendered":"Infoa uudelle pelaajalle"},"content":{"rendered":"<p>[et_pb_section fb_built=&#8221;1&#8243; admin_label=&#8221;section&#8221; _builder_version=&#8221;4.16&#8243; global_colors_info=&#8221;{}&#8221;][et_pb_row column_structure=&#8221;1_3,1_3,1_3&#8243; admin_label=&#8221;row&#8221; _builder_version=&#8221;4.16&#8243; background_size=&#8221;initial&#8221; background_position=&#8221;top_left&#8221; background_repeat=&#8221;repeat&#8221; global_colors_info=&#8221;{}&#8221;][et_pb_column type=&#8221;1_3&#8243; _builder_version=&#8221;4.16&#8243; custom_padding=&#8221;|||&#8221; global_colors_info=&#8221;{}&#8221; custom_padding__hover=&#8221;|||&#8221;][et_pb_text _builder_version=&#8221;4.27.4&#8243; background_size=&#8221;initial&#8221; background_position=&#8221;top_left&#8221; background_repeat=&#8221;repeat&#8221; use_border_color=&#8221;off&#8221; global_colors_info=&#8221;{}&#8221;]<\/p>\n<h2>UUSI PELAAJA<\/h2>\n<p data-start=\"107\" data-end=\"223\">Katso oman ik\u00e4luokkasi harjoitusajat ja tule rohkeasti mukaan harjoituksiin \u2013 erillist\u00e4 ilmoittautumista ei tarvita. Voit halutessasi olla etuk\u00e4teen yhteydess\u00e4 joukkueen valmentajaan, jotta h\u00e4n osaa varautua uuden pelaajan tuloon.<\/p>\n<p data-start=\"303\" data-end=\"432\">Mik\u00e4li ik\u00e4luokassa on useita harjoitusryhmi\u00e4 (White \/ Pink \/ Red), valitse Red-ryhm\u00e4. Se on suunnattu my\u00f6s uusille harrastajille. Nuoremmissa ik\u00e4luokissa (U12, U10 ja U8) ei ole erillisi\u00e4 joukkuejakoja.<\/p>\n<p>Harjoitusajat sek\u00e4 valmentajien yhteystiedot l\u00f6yd\u00e4t t\u00e4\u00e4lt\u00e4: <a href=\"https:\/\/onmky.fi\/osastot\/koripallo\/blog\/harjoitusajat\/\">https:\/\/onmky.fi\/osastot\/koripallo\/blog\/harjoitusajat\/<\/a><\/p>\n<p data-start=\"43\" data-end=\"193\">Varusteiksi tarvitset sis\u00e4pelikeng\u00e4t (koripallokeng\u00e4t), shortsit, t-paidan sek\u00e4 juomapullon. Kaikissa ryhmiss\u00e4 on kahden viikon maksuton kokeilujakso.<\/p>\n<p data-start=\"195\" data-end=\"325\">Mik\u00e4li haluat jatkaa kokeilujakson j\u00e4lkeen joukkueessa, ilmoittautuminen tapahtuu rekister\u00f6itym\u00e4ll\u00e4 <strong>myClubiin<\/strong>. Ohjeet l\u00f6yd\u00e4t alta:<\/p>\n<ul>\n<li>Mene \u00a0<a href=\"https:\/\/www.myclub.fi\/\" target=\"_blank\" rel=\"noopener noreferrer\">www.myclub.fi<\/a> sivulle ja klikkaa sivun yl\u00e4reunasta <strong>KIRJAUDU<\/strong><\/li>\n<li>paina seuraavaksi <strong>etsi seura<\/strong> ja kirjoita valintaruutuun Oulun NMKY<\/li>\n<li>klikkaa sivulle ilmestyv\u00e4\u00e4 seuran logoa\/nime\u00e4<\/li>\n<li>valitse seuraavaksi <strong>Rekister\u00f6i uusi j\u00e4sentili<\/strong><\/li>\n<li>anna pelaajan ja huoltajan tiedot ja valitse ryhm\u00e4ksi &#8221;Uudet pelaajat&#8221;. Kun ilmoittautumisenne kilahtaa ilmoittautumisryhm\u00e4\u00e4n, toimistolla liit\u00e4mme teid\u00e4t sitten oikeaan joukkueeseen.<\/li>\n<li>j\u00e4sentilisi on nyt luotu ja p\u00e4\u00e4set jatkamaan myClubiin. N\u00e4et sielt\u00e4 joukkueen tapahtumat, p\u00e4\u00e4set ilmoittautumaan tapahtumiin sek\u00e4 saat t\u00e4rkeit\u00e4 seuran ja joukkueen tiedotteita.<\/li>\n<\/ul>\n<p>Jos sinulla on joskus jo ollut myClubiin tunnukset, niin rekister\u00f6itymisvaiheessa sinulle tulee eteen vain s\u00e4hk\u00f6postiosoitteelle paikka. Kirjoita siihen s\u00e4hk\u00f6postisi ja paina resetoi salasana. J\u00e4rjestelm\u00e4 l\u00e4hett\u00e4\u00e4 sinulle s\u00e4hk\u00f6postiin pin-koodin, jota k\u00e4ytt\u00e4m\u00e4ll\u00e4 p\u00e4\u00e4set vaihtamaan salasanan ja jatkamaan uuden pelaajan rekister\u00f6imist\u00e4.<\/p>\n<p><strong>Lisenssi<br \/><\/strong>Kaikkien pelaajiemme tulee hankkia kokeilujakson j\u00e4lkeen Koripalloliiton pelaajalisenssi. Lisenssin hankit helposti t\u00e4\u00e4lt\u00e4:<\/p>\n<p><a href=\"https:\/\/www.basket.fi\/basket\/info\/lisenssit\/lisenssin-osto\/\">https:\/\/www.basket.fi\/basket\/info\/lisenssit\/lisenssin-osto\/<\/a><\/p>\n<p>Valmentaja osaa neuvoa, mik\u00e4 lisenssi tulee kyseeseen.<\/p>\n<p>[\/et_pb_text][et_pb_button button_url=&#8221;https:\/\/onmky.fi\/osastot\/koripallo\/blog\/peliasun-tilaaminen\/&#8221; button_text=&#8221;Tilaa peliasu t\u00e4st\u00e4&#8221; _builder_version=&#8221;4.16&#8243; _module_preset=&#8221;default&#8221; global_colors_info=&#8221;{}&#8221;][\/et_pb_button][\/et_pb_column][et_pb_column type=&#8221;1_3&#8243; _builder_version=&#8221;4.16&#8243; custom_padding=&#8221;|||&#8221; global_colors_info=&#8221;{}&#8221; custom_padding__hover=&#8221;|||&#8221;][et_pb_text _builder_version=&#8221;4.27.4&#8243; background_size=&#8221;initial&#8221; background_position=&#8221;top_left&#8221; background_repeat=&#8221;repeat&#8221; use_border_color=&#8221;off&#8221; border_color=&#8221;#ffffff&#8221; border_style=&#8221;solid&#8221; global_colors_info=&#8221;{}&#8221;]<\/p>\n<h2>USEIN KYSYTTY\u00c4<\/h2>\n<p><strong>Haluan aloittaa koripallon harrastamisen, keneen otan yhteytt\u00e4?<\/strong><br \/>\u2013 Katso oman ik\u00e4luokkasi harjoitusajat ja voit menn\u00e4 harjoituksiin erikseen ilmoittamatta. Mik\u00e4li ko. ik\u00e4luokassa on useita vaihtoehtoja (White \/ Pink \/ Red), valitse Red-harjoitusryhm\u00e4, se on tarkoitettu my\u00f6s uusille harrastajille.<\/p>\n<p><strong>Kotiimme ei ole tullut laskua toiminnasta emmek\u00e4 ole saaneet yht\u00e4\u00e4n s\u00e4hk\u00f6postia koskien joukkueen toimintaa, mist\u00e4 t\u00e4m\u00e4 johtuu?<\/strong><\/p>\n<p>\u2013 Muista ilmoittautua myClubissa (https:\/\/onmky.myclub.fi) , joka toimii seuran j\u00e4senrekisterin\u00e4 ja jota kautta my\u00f6s yleinen tiedotus tapahtuu. Joukkueilla saattaa olla my\u00f6s erilaisia kanavia tiedotuksen, kannattaa kysy\u00e4 valmentajilta tai joukkueenjohtajalta lis\u00e4tietoja<\/p>\n<p><strong>Mit\u00e4 varusteita tarvitsen?<\/strong><br \/>\u2013 Harjoituksissa riitt\u00e4v\u00e4t normaalit sis\u00e4liikuntavarusteet (T-paita, shortsit ja sis\u00e4pelikeng\u00e4t). Lis\u00e4ksi pelaajilla on hyv\u00e4 olla oma pallo. U12-U8 pelaajien pallon koko on numero 5 (27.0), kaikilla U14-ik\u00e4isill\u00e4 ja sit\u00e4 vanhemmilla tyt\u00f6ill\u00e4 numero 6 (28.5) sek\u00e4 U15-ik\u00e4isill\u00e4 ja sit\u00e4 vanhemmilla pojilla numero 7 (29.5).<\/p>\n<p><strong>Olen maksamassa lisenssimaksua, maksanko samassa yhteydess\u00e4 my\u00f6s vakuutuksen?<\/strong><br \/>\u2013 Jokaisella pelaajalla tulee olla voimassa oleva tapaturmavakuutus, joka kattaa urheilutoiminnan (my\u00f6s kilpaurheilun). Mik\u00e4li sinulla ei ole ennest\u00e4\u00e4n t\u00e4llaista vakuutusta, voit hankkia sen lisenssin oston yhteydess\u00e4 tai vaihtoehtoisesti erikseen muualta.<\/p>\n<p>[\/et_pb_text][\/et_pb_column][et_pb_column type=&#8221;1_3&#8243; _builder_version=&#8221;4.16&#8243; custom_padding=&#8221;|||&#8221; global_colors_info=&#8221;{}&#8221; custom_padding__hover=&#8221;|||&#8221;][et_pb_text _builder_version=&#8221;4.27.4&#8243; background_size=&#8221;initial&#8221; background_position=&#8221;top_left&#8221; background_repeat=&#8221;repeat&#8221; hover_enabled=&#8221;0&#8243; use_border_color=&#8221;off&#8221; border_color=&#8221;#ffffff&#8221; border_style=&#8221;solid&#8221; global_colors_info=&#8221;{}&#8221; sticky_enabled=&#8221;0&#8243;]<\/p>\n<h2>MIKSI KORIPALLO?<\/h2>\n<p data-start=\"88\" data-end=\"278\">Koripallo on yksi maailman suosituimmista lajeista, ja sit\u00e4 pelataan kaikilla mantereilla. Joukkuepelin\u00e4 se kehitt\u00e4\u00e4 urheilullisten ominaisuuksien lis\u00e4ksi yhteisty\u00f6taitoja ja sosiaalisuutta.<\/p>\n<p data-start=\"280\" data-end=\"539\">Koripallo kehitt\u00e4\u00e4 monipuolisesti fyysisi\u00e4 ominaisuuksia, kuten motorisia taitoja, liikkuvuutta, voimaa ja kehonhallintaa. Peliss\u00e4 tarvitaan sek\u00e4 jalkoja ett\u00e4 k\u00e4si\u00e4, ja vaikka pituudesta on hy\u00f6ty\u00e4, lajissa voi menesty\u00e4 erinomaisesti my\u00f6s lyhyemp\u00e4n\u00e4 pelaajana.<\/p>\n<p data-start=\"541\" data-end=\"730\">Laji sopii kaikille, eik\u00e4 aloittaminen vaadi erityist\u00e4 taustaa tai suuria varustehankintoja. Alkuun p\u00e4\u00e4set helposti: sis\u00e4pelikeng\u00e4t jalkaan, liikuntavaatteet p\u00e4\u00e4lle ja mukaan harjoituksiin.<\/p>\n<p data-start=\"732\" data-end=\"757\">Koripallo tarjoaa turvallisen ja innostavan harrastuksen!<\/p>\n<p>[\/et_pb_text][\/et_pb_column][\/et_pb_row][et_pb_row _builder_version=&#8221;4.16&#8243; background_size=&#8221;initial&#8221; background_position=&#8221;top_left&#8221; background_repeat=&#8221;repeat&#8221; global_colors_info=&#8221;{}&#8221;][et_pb_column type=&#8221;4_4&#8243; _builder_version=&#8221;4.16&#8243; custom_padding=&#8221;|||&#8221; global_colors_info=&#8221;{}&#8221; custom_padding__hover=&#8221;|||&#8221;][et_pb_divider color=&#8221;#000000&#8243; disabled_on=&#8221;on|on|off&#8221; _builder_version=&#8221;4.16&#8243; hide_on_mobile=&#8221;on&#8221; global_colors_info=&#8221;{}&#8221;]<\/p>\n<p>[\/et_pb_divider][\/et_pb_column][\/et_pb_row][\/et_pb_section][et_pb_section fb_built=&#8221;1&#8243; _builder_version=&#8221;4.27.4&#8243; _module_preset=&#8221;default&#8221; custom_padding=&#8221;1px|||||&#8221; global_module=&#8221;8195&#8243; collapsed=&#8221;off&#8221; global_colors_info=&#8221;{}&#8221;][et_pb_row column_structure=&#8221;1_4,1_4,1_4,1_4&#8243; _builder_version=&#8221;4.16&#8243; background_size=&#8221;initial&#8221; background_position=&#8221;top_left&#8221; background_repeat=&#8221;repeat&#8221; global_colors_info=&#8221;{}&#8221;][et_pb_column type=&#8221;1_4&#8243; _builder_version=&#8221;4.16&#8243; custom_padding=&#8221;|||&#8221; global_colors_info=&#8221;{}&#8221; custom_padding__hover=&#8221;|||&#8221;][et_pb_text admin_label=&#8221;Osoite&#8221; _builder_version=&#8221;4.16&#8243; background_size=&#8221;initial&#8221; background_position=&#8221;top_left&#8221; background_repeat=&#8221;repeat&#8221; use_border_color=&#8221;off&#8221; border_style=&#8221;solid&#8221; global_colors_info=&#8221;{}&#8221;]<\/p>\n<p><strong>Osoite:<\/strong><\/p>\n<p>Raatintie 7<br \/>90100 Oulu<\/p>\n<p>[\/et_pb_text][\/et_pb_column][et_pb_column type=&#8221;1_4&#8243; _builder_version=&#8221;4.16&#8243; custom_padding=&#8221;|||&#8221; global_colors_info=&#8221;{}&#8221; custom_padding__hover=&#8221;|||&#8221;][et_pb_text admin_label=&#8221;Yhteystiedot&#8221; _builder_version=&#8221;4.27.4&#8243; background_size=&#8221;initial&#8221; background_position=&#8221;top_left&#8221; background_repeat=&#8221;repeat&#8221; use_border_color=&#8221;off&#8221; border_style=&#8221;solid&#8221; global_colors_info=&#8221;{}&#8221;]<\/p>\n<p><strong>Yhteydenotot<\/strong><\/p>\n<p>koripallo@onmky.fi<\/p>\n<p>[\/et_pb_text][\/et_pb_column][et_pb_column type=&#8221;1_4&#8243; _builder_version=&#8221;4.16&#8243; custom_padding=&#8221;|||&#8221; global_colors_info=&#8221;{}&#8221; custom_padding__hover=&#8221;|||&#8221;][et_pb_text admin_label=&#8221;Yhteisty\u00f6kumppani&#8221; _builder_version=&#8221;4.16&#8243; background_size=&#8221;initial&#8221; background_position=&#8221;top_left&#8221; background_repeat=&#8221;repeat&#8221; use_border_color=&#8221;off&#8221; border_style=&#8221;solid&#8221; global_colors_info=&#8221;{}&#8221;]<strong>Yhteisty\u00f6kumppani<\/strong><br \/>\n<img loading=\"lazy\" decoding=\"async\" class=\"alignleft wp-image-3923\" src=\"http:\/\/onmky.fi\/osastot\/koripallo\/blog\/wp-content\/uploads\/2017\/02\/Stadium_logo.svg_-1.png\" alt=\"Stadium_logo.svg\" width=\"154\" height=\"30\" \/>[\/et_pb_text][\/et_pb_column][et_pb_column type=&#8221;1_4&#8243; _builder_version=&#8221;4.16&#8243; custom_padding=&#8221;|||&#8221; global_colors_info=&#8221;{}&#8221; custom_padding__hover=&#8221;|||&#8221;][et_pb_text admin_label=&#8221;Facebook&#8221; _builder_version=&#8221;4.27.4&#8243; background_size=&#8221;initial&#8221; background_position=&#8221;top_left&#8221; background_repeat=&#8221;repeat&#8221; use_border_color=&#8221;off&#8221; border_style=&#8221;solid&#8221; global_colors_info=&#8221;{}&#8221;][\/et_pb_text][\/et_pb_column][\/et_pb_row][\/et_pb_section]<\/p>\n","protected":false},"excerpt":{"rendered":"<p>UUSI PELAAJA Katso oman ik\u00e4luokkasi harjoitusajat ja tule rohkeasti mukaan harjoituksiin \u2013 erillist\u00e4 ilmoittautumista ei tarvita. Voit halutessasi olla etuk\u00e4teen yhteydess\u00e4 joukkueen valmentajaan, jotta h\u00e4n osaa varautua uuden pelaajan tuloon. Mik\u00e4li ik\u00e4luokassa on useita harjoitusryhmi\u00e4 (White \/ Pink \/ Red), valitse Red-ryhm\u00e4. Se on suunnattu my\u00f6s uusille harrastajille. Nuoremmissa ik\u00e4luokissa (U12, U10 ja U8) ei [&hellip;]<\/p>\n","protected":false},"author":86,"featured_media":0,"parent":0,"menu_order":0,"comment_status":"closed","ping_status":"closed","template":"","meta":{"_et_pb_use_builder":"on","_et_pb_old_content":"","_et_gb_content_width":"","footnotes":""},"class_list":["post-5599","page","type-page","status-publish","hentry"],"_links":{"self":[{"href":"https:\/\/onmky.fi\/osastot\/koripallo\/blog\/wp-json\/wp\/v2\/pages\/5599","targetHints":{"allow":["GET"]}}],"collection":[{"href":"https:\/\/onmky.fi\/osastot\/koripallo\/blog\/wp-json\/wp\/v2\/pages"}],"about":[{"href":"https:\/\/onmky.fi\/osastot\/koripallo\/blog\/wp-json\/wp\/v2\/types\/page"}],"author":[{"embeddable":true,"href":"https:\/\/onmky.fi\/osastot\/koripallo\/blog\/wp-json\/wp\/v2\/users\/86"}],"replies":[{"embeddable":true,"href":"https:\/\/onmky.fi\/osastot\/koripallo\/blog\/wp-json\/wp\/v2\/comments?post=5599"}],"version-history":[{"count":23,"href":"https:\/\/onmky.fi\/osastot\/koripallo\/blog\/wp-json\/wp\/v2\/pages\/5599\/revisions"}],"predecessor-version":[{"id":8822,"href":"https:\/\/onmky.fi\/osastot\/koripallo\/blog\/wp-json\/wp\/v2\/pages\/5599\/revisions\/8822"}],"wp:attachment":[{"href":"https:\/\/onmky.fi\/osastot\/koripallo\/blog\/wp-json\/wp\/v2\/media?parent=5599"}],"curies":[{"name":"wp","href":"https:\/\/api.w.org\/{rel}","templated":true}]}}