{"id":8266,"date":"2024-10-17T15:47:27","date_gmt":"2024-10-17T12:47:27","guid":{"rendered":"https:\/\/onmky.fi\/osastot\/koripallo\/blog\/?page_id=8266"},"modified":"2026-04-24T10:37:07","modified_gmt":"2026-04-24T07:37:07","slug":"naiset-edustusjoukkue","status":"publish","type":"page","link":"https:\/\/onmky.fi\/osastot\/koripallo\/blog\/naiset-edustusjoukkue\/","title":{"rendered":"Naiset Edustusjoukkue"},"content":{"rendered":"<p>[et_pb_section fb_built=&#8221;1&#8243; _builder_version=&#8221;4.16&#8243; _module_preset=&#8221;default&#8221; global_colors_info=&#8221;{}&#8221;][et_pb_row _builder_version=&#8221;4.16&#8243; _module_preset=&#8221;default&#8221; global_colors_info=&#8221;{}&#8221;][et_pb_column type=&#8221;4_4&#8243; _builder_version=&#8221;4.16&#8243; _module_preset=&#8221;default&#8221; global_colors_info=&#8221;{}&#8221;][et_pb_text admin_label=&#8221;NaistenEdari texti&#8221; _builder_version=&#8221;4.27.4&#8243; _module_preset=&#8221;default&#8221; hover_enabled=&#8221;0&#8243; global_colors_info=&#8221;{}&#8221; sticky_enabled=&#8221;0&#8243;]<\/p>\n<h2>NAISTEN EDUSTUSJOUKKUE<\/h2>\n<p>[\/et_pb_text][\/et_pb_column][\/et_pb_row][\/et_pb_section][et_pb_section fb_built=&#8221;1&#8243; _builder_version=&#8221;4.16&#8243; _module_preset=&#8221;default&#8221; global_colors_info=&#8221;{}&#8221;][et_pb_row column_structure=&#8221;1_2,1_2&#8243; _builder_version=&#8221;4.27.4&#8243; _module_preset=&#8221;default&#8221; min_height=&#8221;305.7px&#8221; global_colors_info=&#8221;{}&#8221;][et_pb_column type=&#8221;1_2&#8243; _builder_version=&#8221;4.16&#8243; _module_preset=&#8221;default&#8221; global_colors_info=&#8221;{}&#8221;][et_pb_text admin_label=&#8221;Teksti&#8221; _builder_version=&#8221;4.27.4&#8243; _module_preset=&#8221;default&#8221; global_colors_info=&#8221;{}&#8221;]<\/p>\n<h4 style=\"font-weight: 400;\">JOUKKUE<\/h4>\n<p style=\"font-weight: 400;\">Naisten edustusjoukkue pelaa kaudella 2025-2026 Pohjois-Ruotsin Norbotten damer division 2 -sarjaa. Harjoittelemme yhdess\u00e4 kolme kertaa viikossa ja teemme tiivist\u00e4 yhteisty\u00f6t\u00e4 seuran W2007-2009 junioreiden kanssa.<\/p>\n<p style=\"font-weight: 400;\"><strong>Uudet pelaajat ovat tervetulleita!<\/strong><\/p>\n<p style=\"font-weight: 400;\">Haluaisitko mukaan pelaamaan? Ota yhteytt\u00e4 joukkueen p\u00e4\u00e4valmentajaan:<\/p>\n<p style=\"font-weight: 400;\">P\u00e4\u00e4valmentaja: Stefano Rezzonico (p. +358 40 0848200)<br \/>Apuvalmentaja: Mats Honkamaa<\/p>\n<p>[\/et_pb_text][\/et_pb_column][et_pb_column type=&#8221;1_2&#8243; disabled_on=&#8221;off|off|off&#8221; _builder_version=&#8221;4.27.4&#8243; _module_preset=&#8221;default&#8221; global_colors_info=&#8221;{}&#8221;][et_pb_text _builder_version=&#8221;4.27.4&#8243; _module_preset=&#8221;default&#8221; global_colors_info=&#8221;{}&#8221;]<\/p>\n<h4 style=\"font-weight: 400;\">SINUSTAKO OSA JOUKKUEEN TAUSTARYHM\u00c4\u00c4?<\/h4>\n<p style=\"font-weight: 400;\">Etsimme joukkueelle uusia innokkaita taustahenkil\u00f6it\u00e4, jotka ovat kiinnostuneita kehitt\u00e4m\u00e4\u00e4n ja viem\u00e4\u00e4n naisten joukkueen toimintaa eteenp\u00e4in! Olisitko kiinnostunut tekem\u00e4\u00e4n somesis\u00e4lt\u00f6\u00e4, talkoilemaan kotipeleiss\u00e4 tai toimimaan joukkueenjohtajana? Haluaisitko hyp\u00e4t\u00e4 taustaryhm\u00e4n vet\u00e4j\u00e4n saappaisiin? Teht\u00e4vist\u00e4 sovitaan kiinnostuksesi ja mahdollisuuksiesi mukaan, pienikin panos on suureksi avuksi! Teht\u00e4v\u00e4t eiv\u00e4t vaadi koristiet\u00e4myst\u00e4.<\/p>\n<p style=\"font-weight: 400;\">Jos kiinnostuit l\u00e4htem\u00e4\u00e4n joukkueemme mukaan viem\u00e4\u00e4n oululaista naiskoripalloa eteenp\u00e4in, ota yhteytt\u00e4 Anni Karjalaiseen p. 040 8249961.<\/p>\n<p>[\/et_pb_text][et_pb_text disabled_on=&#8221;on|on|on&#8221; _builder_version=&#8221;4.27.4&#8243; _module_preset=&#8221;default&#8221; disabled=&#8221;on&#8221; global_colors_info=&#8221;{}&#8221;]<\/p>\n<h4>Kausikortti\u2063<\/h4>\n<p>Taivalkosken Kuohun ja Oulun NMKY:n koripallojaostot ovat yhdess\u00e4 koonneet pohjoisen Suomen yhteisen naistenjoukkueen valtakunnalliseen edustukseen. Joukkue osallistuu naisten 1. divisioonaan kaudella 2024-2025.<\/p>\n<p>Tule tukemaan ja kannustamaan joukkuettamme kotipeleihin. Paikkasi katsomossa kaikkiin kauden peleihin varmistat k\u00e4tev\u00e4sti ostamalla kausikortin. Kausikortin hinta on 50\u20ac\/kpl. Voit maksaa maksun tilille Oulun NMKY naiset edustus FI67 5741 3620 4175 81<\/p>\n<p>tai<\/p>\n<p>Mobilepaylla numerooon: 37108<\/p>\n<p>Kirjoita maksaessasi viestikentt\u00e4\u00e4n: kausikortti, nimi ja kappalem\u00e4\u00e4r\u00e4<\/p>\n<p>Kausikortilla p\u00e4\u00e4set katsomaan kaikki kauden 2024 &#8211; 2025 kotiottelut. Kausikorttisi voit lunastaa kotipelien lipunmyynnist\u00e4.<\/p>\n<p>\u2063 \u2063<\/p>\n<p>[\/et_pb_text][\/et_pb_column][\/et_pb_row][et_pb_row admin_label=&#8221;Rivi&#8221; _builder_version=&#8221;4.16&#8243; _module_preset=&#8221;default&#8221; min_height=&#8221;16.8px&#8221; global_colors_info=&#8221;{}&#8221;][et_pb_column type=&#8221;4_4&#8243; _builder_version=&#8221;4.16&#8243; _module_preset=&#8221;default&#8221; global_colors_info=&#8221;{}&#8221;][et_pb_divider _builder_version=&#8221;4.16&#8243; _module_preset=&#8221;default&#8221; min_height=&#8221;30.8px&#8221; custom_margin=&#8221;||-56px|||&#8221; global_colors_info=&#8221;{}&#8221;][\/et_pb_divider][\/et_pb_column][\/et_pb_row][et_pb_row column_structure=&#8221;1_3,1_3,1_3&#8243; _builder_version=&#8221;4.16&#8243; _module_preset=&#8221;default&#8221; min_height=&#8221;117.8px&#8221; global_colors_info=&#8221;{}&#8221;][et_pb_column type=&#8221;1_3&#8243; _builder_version=&#8221;4.16&#8243; _module_preset=&#8221;default&#8221; global_colors_info=&#8221;{}&#8221;][et_pb_text admin_label=&#8221;Yhteystiedot&#8221; _builder_version=&#8221;4.16&#8243; background_size=&#8221;initial&#8221; background_position=&#8221;top_left&#8221; background_repeat=&#8221;repeat&#8221; use_border_color=&#8221;off&#8221; border_color=&#8221;#ffffff&#8221; border_style=&#8221;solid&#8221; saved_tabs=&#8221;all&#8221; global_colors_info=&#8221;{}&#8221;]<strong>Instagram:<\/strong> [\/et_pb_text][et_pb_social_media_follow _builder_version=&#8221;4.16&#8243; _module_preset=&#8221;default&#8221; global_colors_info=&#8221;{}&#8221;][et_pb_social_media_follow_network social_network=&#8221;instagram&#8221; url=&#8221;https:\/\/www.instagram.com\/ymcaoulu_women\/&#8221; _builder_version=&#8221;4.16&#8243; _module_preset=&#8221;default&#8221; background_color=&#8221;#ea2c59&#8243; global_colors_info=&#8221;{}&#8221; follow_button=&#8221;off&#8221; url_new_window=&#8221;on&#8221;]instagram[\/et_pb_social_media_follow_network][\/et_pb_social_media_follow][\/et_pb_column][et_pb_column type=&#8221;1_3&#8243; _builder_version=&#8221;4.16&#8243; _module_preset=&#8221;default&#8221; global_colors_info=&#8221;{}&#8221;][\/et_pb_column][et_pb_column type=&#8221;1_3&#8243; _builder_version=&#8221;4.16&#8243; _module_preset=&#8221;default&#8221; global_colors_info=&#8221;{}&#8221;][\/et_pb_column][\/et_pb_row][\/et_pb_section]<\/p>\n","protected":false},"excerpt":{"rendered":"<p>NAISTEN EDUSTUSJOUKKUEJOUKKUE Naisten edustusjoukkue pelaa kaudella 2025-2026 Pohjois-Ruotsin Norbotten damer division 2 -sarjaa. Harjoittelemme yhdess\u00e4 kolme kertaa viikossa ja teemme tiivist\u00e4 yhteisty\u00f6t\u00e4 seuran W2007-2009 junioreiden kanssa. Uudet pelaajat ovat tervetulleita! Haluaisitko mukaan pelaamaan? Ota yhteytt\u00e4 joukkueen p\u00e4\u00e4valmentajaan: P\u00e4\u00e4valmentaja: Stefano Rezzonico (p. +358 40 0848200)Apuvalmentaja: Mats HonkamaaSINUSTAKO OSA JOUKKUEEN TAUSTARYHM\u00c4\u00c4? Etsimme joukkueelle uusia innokkaita taustahenkil\u00f6it\u00e4, jotka [&hellip;]<\/p>\n","protected":false},"author":86,"featured_media":0,"parent":0,"menu_order":0,"comment_status":"closed","ping_status":"closed","template":"","meta":{"_et_pb_use_builder":"on","_et_pb_old_content":"","_et_gb_content_width":"","footnotes":""},"class_list":["post-8266","page","type-page","status-publish","hentry"],"_links":{"self":[{"href":"https:\/\/onmky.fi\/osastot\/koripallo\/blog\/wp-json\/wp\/v2\/pages\/8266","targetHints":{"allow":["GET"]}}],"collection":[{"href":"https:\/\/onmky.fi\/osastot\/koripallo\/blog\/wp-json\/wp\/v2\/pages"}],"about":[{"href":"https:\/\/onmky.fi\/osastot\/koripallo\/blog\/wp-json\/wp\/v2\/types\/page"}],"author":[{"embeddable":true,"href":"https:\/\/onmky.fi\/osastot\/koripallo\/blog\/wp-json\/wp\/v2\/users\/86"}],"replies":[{"embeddable":true,"href":"https:\/\/onmky.fi\/osastot\/koripallo\/blog\/wp-json\/wp\/v2\/comments?post=8266"}],"version-history":[{"count":128,"href":"https:\/\/onmky.fi\/osastot\/koripallo\/blog\/wp-json\/wp\/v2\/pages\/8266\/revisions"}],"predecessor-version":[{"id":8830,"href":"https:\/\/onmky.fi\/osastot\/koripallo\/blog\/wp-json\/wp\/v2\/pages\/8266\/revisions\/8830"}],"wp:attachment":[{"href":"https:\/\/onmky.fi\/osastot\/koripallo\/blog\/wp-json\/wp\/v2\/media?parent=8266"}],"curies":[{"name":"wp","href":"https:\/\/api.w.org\/{rel}","templated":true}]}}