{"id":8899,"date":"2026-04-29T13:50:17","date_gmt":"2026-04-29T10:50:17","guid":{"rendered":"https:\/\/onmky.fi\/osastot\/koripallo\/blog\/?page_id=8899"},"modified":"2026-04-29T14:26:57","modified_gmt":"2026-04-29T11:26:57","slug":"leirit","status":"publish","type":"page","link":"https:\/\/onmky.fi\/osastot\/koripallo\/blog\/leirit\/","title":{"rendered":"Leirit"},"content":{"rendered":"<p>[et_pb_section fb_built=&#8221;1&#8243; admin_label=&#8221;section&#8221; _builder_version=&#8221;4.16&#8243; global_colors_info=&#8221;{}&#8221;][et_pb_row admin_label=&#8221;row&#8221; _builder_version=&#8221;4.16&#8243; background_size=&#8221;initial&#8221; background_position=&#8221;top_left&#8221; background_repeat=&#8221;repeat&#8221; global_colors_info=&#8221;{}&#8221;][et_pb_column type=&#8221;4_4&#8243; _builder_version=&#8221;4.16&#8243; custom_padding=&#8221;|||&#8221; global_colors_info=&#8221;{}&#8221; custom_padding__hover=&#8221;|||&#8221;][et_pb_text admin_label=&#8221;Text&#8221; _builder_version=&#8221;4.27.4&#8243; background_size=&#8221;initial&#8221; background_position=&#8221;top_left&#8221; background_repeat=&#8221;repeat&#8221; hover_enabled=&#8221;0&#8243; global_colors_info=&#8221;{}&#8221; sticky_enabled=&#8221;0&#8243;]<\/p>\n<h3>Kes\u00e4n 2026 leirien ilmoittautuminen on nyt avattu!<\/h3>\n<p data-start=\"102\" data-end=\"216\"><span class=\"hover:entity-accent entity-underline inline cursor-pointer align-baseline\"><span class=\"whitespace-normal\">Oulun NMKY<\/span><\/span> tarjoaa unohtumattomia leirikokemuksia kes\u00e4ll\u00e4 2026 Rokuan leirikeskuksessa.<\/p>\n<p data-start=\"218\" data-end=\"377\">Kahden korisleirin lis\u00e4ksi p\u00e4\u00e4yhdistys j\u00e4rjest\u00e4\u00e4 my\u00f6s seikkailuleirin sek\u00e4 esports-leirin, joihin my\u00f6s kaikki koripalloilijat ovat tervetulleita osallistumaan.<\/p>\n<p>[\/et_pb_text][et_pb_code _builder_version=&#8221;4.27.4&#8243; _module_preset=&#8221;default&#8221; hover_enabled=&#8221;0&#8243; sticky_enabled=&#8221;0&#8243;]<!-- myClub embed JS - start --><!-- [et_pb_line_break_holder] --><\/p>\n<div class=\"myclub-embed\" data-url=\"https:\/\/onmky.myclub.fi\/course_embeds\/28088?token=831e62d6cc38d5880d77d7df4e297c253a5fdbb5\"><\/div>\n<p><!-- [et_pb_line_break_holder] --><script>(function(d, s, id) { var js, mjs = d.getElementsByTagName(s)[0]; if (d.getElementById(id)) return; js = d.createElement(s); js.id = id; js.async = true; js.src = \"https:\/\/d2ubdm6yoox6gh.cloudfront.net\/assets\/myclub-embed.js\"; mjs.parentNode.insertBefore(js, mjs); }(document, 'script', 'myclub-embed-js'));<\/script><!-- [et_pb_line_break_holder] --><!-- myClub embed JS - end -->[\/et_pb_code][\/et_pb_column][\/et_pb_row][\/et_pb_section]<\/p>\n","protected":false},"excerpt":{"rendered":"<p>Kes\u00e4n 2026 leirien ilmoittautuminen on nyt avattu! Oulun NMKY tarjoaa unohtumattomia leirikokemuksia kes\u00e4ll\u00e4 2026 Rokuan leirikeskuksessa. Kahden korisleirin lis\u00e4ksi p\u00e4\u00e4yhdistys j\u00e4rjest\u00e4\u00e4 my\u00f6s seikkailuleirin sek\u00e4 esports-leirin, joihin my\u00f6s kaikki koripalloilijat ovat tervetulleita osallistumaan.<\/p>\n","protected":false},"author":95,"featured_media":0,"parent":0,"menu_order":0,"comment_status":"closed","ping_status":"closed","template":"","meta":{"_et_pb_use_builder":"on","_et_pb_old_content":"<h3>Kes\u00e4n 2026 leirien ilmoittautuminen on nyt avattu!<\/h3><p>Oulun NMKY tarjoaa unohtumattomia kokemuksia leiritoiminnan parissa kes\u00e4ll\u00e4 2026 Rokuan leirikeskuksessa.<\/p>","_et_gb_content_width":"","footnotes":""},"class_list":["post-8899","page","type-page","status-publish","hentry"],"_links":{"self":[{"href":"https:\/\/onmky.fi\/osastot\/koripallo\/blog\/wp-json\/wp\/v2\/pages\/8899","targetHints":{"allow":["GET"]}}],"collection":[{"href":"https:\/\/onmky.fi\/osastot\/koripallo\/blog\/wp-json\/wp\/v2\/pages"}],"about":[{"href":"https:\/\/onmky.fi\/osastot\/koripallo\/blog\/wp-json\/wp\/v2\/types\/page"}],"author":[{"embeddable":true,"href":"https:\/\/onmky.fi\/osastot\/koripallo\/blog\/wp-json\/wp\/v2\/users\/95"}],"replies":[{"embeddable":true,"href":"https:\/\/onmky.fi\/osastot\/koripallo\/blog\/wp-json\/wp\/v2\/comments?post=8899"}],"version-history":[{"count":11,"href":"https:\/\/onmky.fi\/osastot\/koripallo\/blog\/wp-json\/wp\/v2\/pages\/8899\/revisions"}],"predecessor-version":[{"id":8926,"href":"https:\/\/onmky.fi\/osastot\/koripallo\/blog\/wp-json\/wp\/v2\/pages\/8899\/revisions\/8926"}],"wp:attachment":[{"href":"https:\/\/onmky.fi\/osastot\/koripallo\/blog\/wp-json\/wp\/v2\/media?parent=8899"}],"curies":[{"name":"wp","href":"https:\/\/api.w.org\/{rel}","templated":true}]}}