{"id":38,"date":"2016-06-08T21:19:57","date_gmt":"2016-06-08T18:19:57","guid":{"rendered":"http:\/\/onmky.fi\/osastot\/yleisurheilu\/wordpress\/?page_id=38"},"modified":"2022-12-13T10:49:17","modified_gmt":"2022-12-13T08:49:17","slug":"etusivu","status":"publish","type":"page","link":"https:\/\/onmky.fi\/osastot\/yleisurheilu\/","title":{"rendered":"Etusivu"},"content":{"rendered":"<p>[et_pb_section fb_built=&#8221;1&#8243; admin_label=&#8221;section&#8221; _builder_version=&#8221;4.16&#8243; global_colors_info=&#8221;{}&#8221;][et_pb_row admin_label=&#8221;row&#8221; _builder_version=&#8221;4.16.0&#8243; background_size=&#8221;initial&#8221; background_position=&#8221;top_left&#8221; background_repeat=&#8221;repeat&#8221; global_colors_info=&#8221;{}&#8221;][et_pb_column type=&#8221;4_4&#8243; _builder_version=&#8221;4.16&#8243; custom_padding=&#8221;|||&#8221; global_colors_info=&#8221;{}&#8221; custom_padding__hover=&#8221;|||&#8221;][et_pb_slider show_arrows=&#8221;off&#8221; show_pagination=&#8221;off&#8221; admin_label=&#8221;ONMKY LOGO&#8221; _builder_version=&#8221;4.16.0&#8243; background_image=&#8221;https:\/\/onmky.fi\/osastot\/yleisurheilu\/wp-content\/uploads\/2022\/03\/nmky-banner-2.png&#8221; background_size=&#8221;contain&#8221; custom_padding=&#8221;|||&#8221; custom_padding_tablet=&#8221;|||&#8221; custom_padding_phone=&#8221;|||&#8221; button_letter_spacing_hover=&#8221;0&#8243; remove_inner_shadow=&#8221;on&#8221; hide_content_on_mobile=&#8221;off&#8221; hide_cta_on_mobile=&#8221;off&#8221; show_inner_shadow=&#8221;off&#8221; global_colors_info=&#8221;{}&#8221; button_text_size__hover_enabled=&#8221;off&#8221; button_one_text_size__hover_enabled=&#8221;off&#8221; button_two_text_size__hover_enabled=&#8221;off&#8221; button_text_color__hover_enabled=&#8221;off&#8221; button_one_text_color__hover_enabled=&#8221;off&#8221; button_two_text_color__hover_enabled=&#8221;off&#8221; button_border_width__hover_enabled=&#8221;off&#8221; button_one_border_width__hover_enabled=&#8221;off&#8221; button_two_border_width__hover_enabled=&#8221;off&#8221; button_border_color__hover_enabled=&#8221;off&#8221; button_one_border_color__hover_enabled=&#8221;off&#8221; button_two_border_color__hover_enabled=&#8221;off&#8221; button_border_radius__hover_enabled=&#8221;off&#8221; button_one_border_radius__hover_enabled=&#8221;off&#8221; button_two_border_radius__hover_enabled=&#8221;off&#8221; button_letter_spacing__hover_enabled=&#8221;on&#8221; button_letter_spacing__hover=&#8221;0&#8243; button_one_letter_spacing__hover_enabled=&#8221;off&#8221; button_two_letter_spacing__hover_enabled=&#8221;off&#8221; button_bg_color__hover_enabled=&#8221;off&#8221; button_one_bg_color__hover_enabled=&#8221;off&#8221; button_two_bg_color__hover_enabled=&#8221;off&#8221;][et_pb_slide _builder_version=&#8221;4.16.0&#8243; _module_preset=&#8221;default&#8221; background_color=&#8221;#FFFFFF&#8221; background_enable_color=&#8221;on&#8221; global_colors_info=&#8221;{}&#8221; sticky_transition=&#8221;on&#8221;][\/et_pb_slide][\/et_pb_slider][\/et_pb_column][\/et_pb_row][et_pb_row column_structure=&#8221;1_4,1_2,1_4&#8243; padding_mobile=&#8221;off&#8221; column_padding_mobile=&#8221;on&#8221; admin_label=&#8221;Rivi&#8221; _builder_version=&#8221;4.16&#8243; background_size=&#8221;initial&#8221; background_position=&#8221;top_left&#8221; background_repeat=&#8221;repeat&#8221; make_fullwidth=&#8221;off&#8221; use_custom_width=&#8221;off&#8221; width_unit=&#8221;on&#8221; global_colors_info=&#8221;{}&#8221;][et_pb_column type=&#8221;1_4&#8243; _builder_version=&#8221;4.16&#8243; custom_padding=&#8221;|||&#8221; global_colors_info=&#8221;{}&#8221; custom_padding__hover=&#8221;|||&#8221;][et_pb_sidebar area=&#8221;sidebar-1&#8243; admin_label=&#8221;LINKIT Sivupalkki&#8221; _builder_version=&#8221;4.16&#8243; remove_border=&#8221;off&#8221; global_colors_info=&#8221;{}&#8221;][\/et_pb_sidebar][\/et_pb_column][et_pb_column type=&#8221;1_2&#8243; _builder_version=&#8221;4.16&#8243; custom_padding=&#8221;|||&#8221; global_colors_info=&#8221;{}&#8221; custom_padding__hover=&#8221;|||&#8221;][et_pb_text admin_label=&#8221;Teksti&#8221; _builder_version=&#8221;4.16.0&#8243; background_size=&#8221;initial&#8221; background_position=&#8221;top_left&#8221; background_repeat=&#8221;repeat&#8221; hover_enabled=&#8221;0&#8243; use_border_color=&#8221;off&#8221; border_color=&#8221;#ffffff&#8221; border_style=&#8221;solid&#8221; global_colors_info=&#8221;{}&#8221; sticky_enabled=&#8221;0&#8243;]<\/p>\n<p>Ynnin yleisurheiluosaston tavoitteena on edist\u00e4\u00e4 liikuntaa ja urheilua sek\u00e4 niihin liittyv\u00e4\u00e4 kansalaistoimintaa seuran toiminta-alueella parantamalla mahdollisuuksia harrastaa ja osallistua kunto- ja terveysliikuntaan, kilpa- ja huippu-urheiluun tai n\u00e4ihin liittyv\u00e4\u00e4n yhdistystoimintaan edellytystens\u00e4 ja tarpeidensa mukaisesti.<\/p>\n<p>Viime vuosina tavoitteeseen on pyritty olemalla aktiivisesti mukana kehitt\u00e4m\u00e4ss\u00e4 ja j\u00e4rjest\u00e4m\u00e4ss\u00e4 vuosittain toukokuussa j\u00e4rjestett\u00e4vi\u00e4 Terwah\u00f6lkk\u00e4\u00e4 ja \u2013maratonia ja lasten minimaratonia sek\u00e4 syksyisin Oulun Juoksua Ja Academy Runia. Lis\u00e4ksi osasto tukee urheilijoidensa mahdollisuuksia osallistua ja menesty\u00e4 yleisurheilun arvokilpailuissa kuitenkin huolehtien siit\u00e4, ett\u00e4 toiminta pysyy taloudellisesti kest\u00e4v\u00e4ll\u00e4 pohjalla.<\/p>\n<p>Osaston puheenjohtajana toimii Jyrki Perttunen ja sihteerin\u00e4 Petri Huhtala (petri.huhtala(at)onmky.fi, p. 040-5676586) sek\u00e4 muina osaston johtoryhm\u00e4n j\u00e4senin\u00e4 toimivat Janne Helttunen, Hansi Kitti, Kari Klemettil\u00e4 ja Mikko Koivukangas.<\/p>\n<p>[\/et_pb_text][\/et_pb_column][et_pb_column type=&#8221;1_4&#8243; _builder_version=&#8221;4.16&#8243; custom_padding=&#8221;|||&#8221; global_colors_info=&#8221;{}&#8221; custom_padding__hover=&#8221;|||&#8221;][et_pb_image src=&#8221;http:\/\/onmky.fi\/osastot\/yleisurheilu\/wp-content\/uploads\/2016\/08\/Ajankohtaista.png&#8221; align_tablet=&#8221;center&#8221; align_phone=&#8221;&#8221; align_last_edited=&#8221;on|desktop&#8221; admin_label=&#8221;AJANKOHTAISTA Kuva&#8221; _builder_version=&#8221;4.16&#8243; animation_style=&#8221;fade&#8221; animation_duration=&#8221;500ms&#8221; use_border_color=&#8221;off&#8221; border_color=&#8221;#ffffff&#8221; border_style=&#8221;solid&#8221; animation=&#8221;fade_in&#8221; sticky=&#8221;off&#8221; always_center_on_mobile=&#8221;on&#8221; global_colors_info=&#8221;{}&#8221;][\/et_pb_image][et_pb_code admin_label=&#8221;FACEBOOK Koodi&#8221; _builder_version=&#8221;4.16&#8243; global_colors_info=&#8221;{}&#8221;]<\/p>\n<div class=\"fb-page\" data-href=\"https:\/\/www.facebook.com\/terwamaraton\/\" data-tabs=\"timeline\" data-small-header=\"false\" data-adapt-container-width=\"true\" data-hide-cover=\"false\" data-show-facepile=\"true\">\n<blockquote cite=\"https:\/\/www.facebook.com\/terwamaraton\/\" class=\"fb-xfbml-parse-ignore\"><p><a href=\"https:\/\/www.facebook.com\/terwamaraton\/\">Oulun Terwah\u00f6lkk\u00e4 ja -maraton<\/a><\/p><\/blockquote>\n<\/div>\n<p>[\/et_pb_code][\/et_pb_column][\/et_pb_row][\/et_pb_section]<\/p>\n","protected":false},"excerpt":{"rendered":"<p>Ynnin yleisurheiluosaston tavoitteena on edist\u00e4\u00e4 liikuntaa ja urheilua sek\u00e4 niihin liittyv\u00e4\u00e4 kansalaistoimintaa seuran toiminta-alueella parantamalla mahdollisuuksia harrastaa ja osallistua kunto- ja terveysliikuntaan, kilpa- ja huippu-urheiluun tai n\u00e4ihin liittyv\u00e4\u00e4n yhdistystoimintaan edellytystens\u00e4 ja tarpeidensa mukaisesti. Viime vuosina tavoitteeseen on pyritty olemalla aktiivisesti mukana kehitt\u00e4m\u00e4ss\u00e4 ja j\u00e4rjest\u00e4m\u00e4ss\u00e4 vuosittain toukokuussa j\u00e4rjestett\u00e4vi\u00e4 Terwah\u00f6lkk\u00e4\u00e4 ja \u2013maratonia ja lasten minimaratonia sek\u00e4 syksyisin [&hellip;]<\/p>\n","protected":false},"author":1,"featured_media":0,"parent":0,"menu_order":0,"comment_status":"closed","ping_status":"closed","template":"","meta":{"_et_pb_use_builder":"on","_et_pb_old_content":"","_et_gb_content_width":""},"_links":{"self":[{"href":"https:\/\/onmky.fi\/osastot\/yleisurheilu\/wp-json\/wp\/v2\/pages\/38"}],"collection":[{"href":"https:\/\/onmky.fi\/osastot\/yleisurheilu\/wp-json\/wp\/v2\/pages"}],"about":[{"href":"https:\/\/onmky.fi\/osastot\/yleisurheilu\/wp-json\/wp\/v2\/types\/page"}],"author":[{"embeddable":true,"href":"https:\/\/onmky.fi\/osastot\/yleisurheilu\/wp-json\/wp\/v2\/users\/1"}],"replies":[{"embeddable":true,"href":"https:\/\/onmky.fi\/osastot\/yleisurheilu\/wp-json\/wp\/v2\/comments?post=38"}],"version-history":[{"count":31,"href":"https:\/\/onmky.fi\/osastot\/yleisurheilu\/wp-json\/wp\/v2\/pages\/38\/revisions"}],"predecessor-version":[{"id":225,"href":"https:\/\/onmky.fi\/osastot\/yleisurheilu\/wp-json\/wp\/v2\/pages\/38\/revisions\/225"}],"wp:attachment":[{"href":"https:\/\/onmky.fi\/osastot\/yleisurheilu\/wp-json\/wp\/v2\/media?parent=38"}],"curies":[{"name":"wp","href":"https:\/\/api.w.org\/{rel}","templated":true}]}}