{"id":40,"date":"2016-06-08T21:20:09","date_gmt":"2016-06-08T18:20:09","guid":{"rendered":"http:\/\/onmky.fi\/osastot\/yleisurheilu\/wordpress\/?page_id=40"},"modified":"2025-11-14T10:48:11","modified_gmt":"2025-11-14T08:48:11","slug":"historia","status":"publish","type":"page","link":"https:\/\/onmky.fi\/osastot\/yleisurheilu\/historia\/","title":{"rendered":"Historia"},"content":{"rendered":"<p>[et_pb_section fb_built=&#8221;1&#8243; admin_label=&#8221;section&#8221; _builder_version=&#8221;4.16&#8243; global_colors_info=&#8221;{}&#8221;][et_pb_row admin_label=&#8221;row&#8221; _builder_version=&#8221;4.16&#8243; background_size=&#8221;initial&#8221; background_position=&#8221;top_left&#8221; background_repeat=&#8221;repeat&#8221; global_colors_info=&#8221;{}&#8221;][et_pb_column type=&#8221;4_4&#8243; _builder_version=&#8221;4.16&#8243; custom_padding=&#8221;|||&#8221; global_colors_info=&#8221;{}&#8221; custom_padding__hover=&#8221;|||&#8221;][et_pb_slider show_arrows=&#8221;off&#8221; show_pagination=&#8221;off&#8221; admin_label=&#8221;ONMKY LOGO&#8221; _builder_version=&#8221;4.16.0&#8243; background_image=&#8221;https:\/\/onmky.fi\/osastot\/yleisurheilu\/wp-content\/uploads\/2022\/03\/nmky-banner-2.png&#8221; background_size=&#8221;contain&#8221; custom_padding=&#8221;|||&#8221; custom_padding_tablet=&#8221;|||&#8221; custom_padding_phone=&#8221;|||&#8221; button_letter_spacing_hover=&#8221;0&#8243; remove_inner_shadow=&#8221;on&#8221; hide_content_on_mobile=&#8221;off&#8221; hide_cta_on_mobile=&#8221;off&#8221; show_inner_shadow=&#8221;off&#8221; global_colors_info=&#8221;{}&#8221; button_text_size__hover_enabled=&#8221;off&#8221; button_one_text_size__hover_enabled=&#8221;off&#8221; button_two_text_size__hover_enabled=&#8221;off&#8221; button_text_color__hover_enabled=&#8221;off&#8221; button_one_text_color__hover_enabled=&#8221;off&#8221; button_two_text_color__hover_enabled=&#8221;off&#8221; button_border_width__hover_enabled=&#8221;off&#8221; button_one_border_width__hover_enabled=&#8221;off&#8221; button_two_border_width__hover_enabled=&#8221;off&#8221; button_border_color__hover_enabled=&#8221;off&#8221; button_one_border_color__hover_enabled=&#8221;off&#8221; button_two_border_color__hover_enabled=&#8221;off&#8221; button_border_radius__hover_enabled=&#8221;off&#8221; button_one_border_radius__hover_enabled=&#8221;off&#8221; button_two_border_radius__hover_enabled=&#8221;off&#8221; button_letter_spacing__hover_enabled=&#8221;on&#8221; button_letter_spacing__hover=&#8221;0&#8243; button_one_letter_spacing__hover_enabled=&#8221;off&#8221; button_two_letter_spacing__hover_enabled=&#8221;off&#8221; button_bg_color__hover_enabled=&#8221;off&#8221; button_one_bg_color__hover_enabled=&#8221;off&#8221; button_two_bg_color__hover_enabled=&#8221;off&#8221;][et_pb_slide _builder_version=&#8221;4.16.0&#8243; _module_preset=&#8221;default&#8221; background_color=&#8221;#FFFFFF&#8221; background_enable_color=&#8221;on&#8221; global_colors_info=&#8221;{}&#8221; sticky_transition=&#8221;on&#8221;][\/et_pb_slide][\/et_pb_slider][\/et_pb_column][\/et_pb_row][et_pb_row column_structure=&#8221;1_4,1_2,1_4&#8243; admin_label=&#8221;Rivi&#8221; _builder_version=&#8221;4.16&#8243; background_size=&#8221;initial&#8221; background_position=&#8221;top_left&#8221; background_repeat=&#8221;repeat&#8221; global_colors_info=&#8221;{}&#8221;][et_pb_column type=&#8221;1_4&#8243; _builder_version=&#8221;4.16&#8243; custom_padding=&#8221;|||&#8221; global_colors_info=&#8221;{}&#8221; custom_padding__hover=&#8221;|||&#8221;][et_pb_sidebar area=&#8221;sidebar-1&#8243; admin_label=&#8221;LINKIT Sivupalkki&#8221; _builder_version=&#8221;4.16&#8243; remove_border=&#8221;off&#8221; global_colors_info=&#8221;{}&#8221;][\/et_pb_sidebar][\/et_pb_column][et_pb_column type=&#8221;1_2&#8243; _builder_version=&#8221;4.16&#8243; custom_padding=&#8221;|||&#8221; global_colors_info=&#8221;{}&#8221; custom_padding__hover=&#8221;|||&#8221;][et_pb_text admin_label=&#8221;Teksti&#8221; _builder_version=&#8221;4.16.0&#8243; background_size=&#8221;initial&#8221; background_position=&#8221;top_left&#8221; background_repeat=&#8221;repeat&#8221; custom_padding=&#8221;||0px|||&#8221; use_border_color=&#8221;off&#8221; border_color=&#8221;#ffffff&#8221; border_style=&#8221;solid&#8221; global_colors_info=&#8221;{}&#8221;]<\/p>\n<h1>Historia<\/h1>\n<p>Yleisurheilua on Oulun NMKY:ss\u00e4 harrastettu vuodesta 1916. Se on yhdistyksen menestyksekk\u00e4in ja pisimp\u00e4\u00e4n yht\u00e4jaksoisesti harrastettu urheilumuoto. 1970-luvulla j\u00e4rjestettiin vuosittain korkeatasoiset Meskuskisat ja Suomi &#8211; Iso-Britania yleisurheilumaaottelu 1977. Parhaimmillaan ONMKY:n Urheilijat sijoittuivat Suomen Urheiluliiton seuraluokittelussa seitsem\u00e4nneksi vuonna 1976.<\/p>\n<p>Kansainv\u00e4lisesti menestynein ynnil\u00e4inen yleisurheilija on Juha V\u00e4\u00e4t\u00e4inen, joka voitti 1971 Euroopan mestaruudet 5000 m ja 10000 m matkoilla sek\u00e4 lukuisia SM-mitaleja. Moninkertainen SM-mitalisti kolmiloikkaaja Pentti Kuukasj\u00e4rvi oli 10. Montrealin olympialaisissa 1976. Muita yleisen sarjan SM-mitalisteja ovat mm. Olli Karhumaa, Esko Inkala, Kaino Tuokko, Jarmo Ala-Ketola, Seppo Matela ja Jaakko Kemola.<\/p>\n<p>Oulun ymp\u00e4rijuoksun voitto oli yhteen menoon pitk\u00e4sti toistakymment\u00e4 vuotta Ynnin hallussa 1970-80 luvuilla. Ymp\u00e4rijuoksun joukkueemme onnistui viimeksi voittamaan vuosina 2010 ja 2011.<\/p>\n<p>2000-luvulla nuorten sarjoissa SM-mitaleille ovat eri juoksumatkoilla ylsiv\u00e4t silloiset urheilijamme Antti M\u00e4nnikk\u00f6, Joonatan Oporta, Henri Vanha ja Miika Eskuri. Viime vuosina parasta arvokisamenestyst\u00e4 ovat kuitenkin niitt\u00e4neet aikuisurheilijamme omissa ik\u00e4sarjoissaan. Vuonna 2009 urheilijamme saavuttivat Lahdessa j\u00e4rjestetyiss\u00e4 veteraanien MM-kisoissa 10 mitalia.<\/p>\n<p>Menestyneimp\u00e4n\u00e4 aikuisurheilijanamme erikseen mainittakoon Jukka Kauppila, joka on voittanut 800m \u2013 maraton -matkoilla useita MM-, EM- ja SM-mitaleja \u2013 h\u00e4net valittiin Suomen Aikuisurheiluliiton vuoden 2012 kest\u00e4vyysurheilijaksi. Muita arvokisamitalistejamme t\u00e4ll\u00e4 vuosituhannella ovat olleet Sisko Hiltunen, Outi Sulasalmi, Marjut Vesa, Virpi Mikkonen, Kariina Kauppinen, Petri Launonen, Veli-Heikki Koivu, Teppo Ronkainen, Hansi Kitti, Jyrki Perttunen, Kari Pakaslahti, Arto Vanha, Petri Huhtala, Timo Krohns, Viljo Kirjavainen, Aulis Kaasinen, Mikko Koivukangas, Pertti Lapinkangas, Hannu Laurila, Janne Helttunen, Teemu Kangasharju, Jari Vuoti ja Hannu Kulmunki.<\/p>\n<p>Yleisess\u00e4 sarjassa kovatasoisempiin tuloksiin on viime vuosina ylt\u00e4nyt kest\u00e4vyysjuoksija Ilmari Sir\u00e9n.\u00a0<\/p>\n<p>Osaston johtoryhm\u00e4 valitsee vuosittain j\u00e4senist\u00f6ns\u00e4 joukosta kaksi kiertopalkinnon saajaa, jotka vuonna 2025 ovat seuraavat henkil\u00f6t:<\/p>\n<p>Supen Pytty: Ilmari Sir\u00e9n (vuoden urheilija)<br \/>Hopea Hapset -pytty: Hannu Kulmunki (vuoden aikuisurheilija)<\/p>\n<p>[\/et_pb_text][\/et_pb_column][et_pb_column type=&#8221;1_4&#8243; _builder_version=&#8221;4.16&#8243; custom_padding=&#8221;|||&#8221; global_colors_info=&#8221;{}&#8221; custom_padding__hover=&#8221;|||&#8221;][et_pb_image src=&#8221;http:\/\/onmky.fi\/osastot\/yleisurheilu\/wp-content\/uploads\/2016\/08\/Ajankohtaista.png&#8221; align_tablet=&#8221;center&#8221; align_phone=&#8221;&#8221; align_last_edited=&#8221;on|desktop&#8221; admin_label=&#8221;AJANKOHTAISTA Kuva&#8221; _builder_version=&#8221;4.16&#8243; animation_style=&#8221;fade&#8221; animation_duration=&#8221;500ms&#8221; use_border_color=&#8221;off&#8221; border_color=&#8221;#ffffff&#8221; border_style=&#8221;solid&#8221; animation=&#8221;fade_in&#8221; sticky=&#8221;off&#8221; always_center_on_mobile=&#8221;on&#8221; global_colors_info=&#8221;{}&#8221;][\/et_pb_image][et_pb_code admin_label=&#8221;FACEBOOK Koodi&#8221; _builder_version=&#8221;4.16&#8243; global_colors_info=&#8221;{}&#8221;]<\/p>\n<div class=\"fb-page\" data-href=\"https:\/\/www.facebook.com\/terwamaraton\/\" data-tabs=\"timeline\" data-small-header=\"false\" data-adapt-container-width=\"true\" data-hide-cover=\"false\" data-show-facepile=\"true\">\n<blockquote cite=\"https:\/\/www.facebook.com\/terwamaraton\/\" class=\"fb-xfbml-parse-ignore\"><p><a href=\"https:\/\/www.facebook.com\/terwamaraton\/\">Oulun Terwah\u00f6lkk\u00e4 ja -maraton<\/a><\/p><\/blockquote>\n<\/div>\n<p>[\/et_pb_code][\/et_pb_column][\/et_pb_row][\/et_pb_section]<\/p>\n","protected":false},"excerpt":{"rendered":"<p>Historia Yleisurheilua on Oulun NMKY:ss\u00e4 harrastettu vuodesta 1916. Se on yhdistyksen menestyksekk\u00e4in ja pisimp\u00e4\u00e4n yht\u00e4jaksoisesti harrastettu urheilumuoto. 1970-luvulla j\u00e4rjestettiin vuosittain korkeatasoiset Meskuskisat ja Suomi &#8211; Iso-Britania yleisurheilumaaottelu 1977. Parhaimmillaan ONMKY:n Urheilijat sijoittuivat Suomen Urheiluliiton seuraluokittelussa seitsem\u00e4nneksi vuonna 1976. Kansainv\u00e4lisesti menestynein ynnil\u00e4inen yleisurheilija on Juha V\u00e4\u00e4t\u00e4inen, joka voitti 1971 Euroopan mestaruudet 5000 m ja 10000 m [&hellip;]<\/p>\n","protected":false},"author":1,"featured_media":0,"parent":0,"menu_order":0,"comment_status":"closed","ping_status":"closed","template":"","meta":{"_et_pb_use_builder":"on","_et_pb_old_content":"","_et_gb_content_width":""},"_links":{"self":[{"href":"https:\/\/onmky.fi\/osastot\/yleisurheilu\/wp-json\/wp\/v2\/pages\/40"}],"collection":[{"href":"https:\/\/onmky.fi\/osastot\/yleisurheilu\/wp-json\/wp\/v2\/pages"}],"about":[{"href":"https:\/\/onmky.fi\/osastot\/yleisurheilu\/wp-json\/wp\/v2\/types\/page"}],"author":[{"embeddable":true,"href":"https:\/\/onmky.fi\/osastot\/yleisurheilu\/wp-json\/wp\/v2\/users\/1"}],"replies":[{"embeddable":true,"href":"https:\/\/onmky.fi\/osastot\/yleisurheilu\/wp-json\/wp\/v2\/comments?post=40"}],"version-history":[{"count":30,"href":"https:\/\/onmky.fi\/osastot\/yleisurheilu\/wp-json\/wp\/v2\/pages\/40\/revisions"}],"predecessor-version":[{"id":242,"href":"https:\/\/onmky.fi\/osastot\/yleisurheilu\/wp-json\/wp\/v2\/pages\/40\/revisions\/242"}],"wp:attachment":[{"href":"https:\/\/onmky.fi\/osastot\/yleisurheilu\/wp-json\/wp\/v2\/media?parent=40"}],"curies":[{"name":"wp","href":"https:\/\/api.w.org\/{rel}","templated":true}]}}