{"id":54,"date":"2016-06-08T21:31:41","date_gmt":"2016-06-08T18:31:41","guid":{"rendered":"http:\/\/onmky.fi\/osastot\/yleisurheilu\/wordpress\/?page_id=54"},"modified":"2022-03-31T14:51:29","modified_gmt":"2022-03-31T11:51:29","slug":"kuulutusvaunu","status":"publish","type":"page","link":"https:\/\/onmky.fi\/osastot\/yleisurheilu\/kuulutusvaunu\/","title":{"rendered":"Kuulutusvaunu"},"content":{"rendered":"<p>[et_pb_section fb_built=&#8221;1&#8243; admin_label=&#8221;section&#8221; _builder_version=&#8221;4.16&#8243; global_colors_info=&#8221;{}&#8221;][et_pb_row admin_label=&#8221;row&#8221; _builder_version=&#8221;4.16&#8243; background_size=&#8221;initial&#8221; background_position=&#8221;top_left&#8221; background_repeat=&#8221;repeat&#8221; global_colors_info=&#8221;{}&#8221;][et_pb_column type=&#8221;4_4&#8243; _builder_version=&#8221;4.16&#8243; custom_padding=&#8221;|||&#8221; global_colors_info=&#8221;{}&#8221; custom_padding__hover=&#8221;|||&#8221;][et_pb_slider show_arrows=&#8221;off&#8221; show_pagination=&#8221;off&#8221; admin_label=&#8221;ONMKY LOGO&#8221; _builder_version=&#8221;4.16.0&#8243; background_size=&#8221;contain&#8221; custom_padding=&#8221;|||&#8221; custom_padding_tablet=&#8221;|||&#8221; custom_padding_phone=&#8221;|||&#8221; hover_enabled=&#8221;0&#8243; button_letter_spacing_hover=&#8221;0&#8243; remove_inner_shadow=&#8221;on&#8221; hide_content_on_mobile=&#8221;off&#8221; hide_cta_on_mobile=&#8221;off&#8221; show_inner_shadow=&#8221;off&#8221; global_colors_info=&#8221;{}&#8221; button_text_size__hover_enabled=&#8221;off&#8221; button_one_text_size__hover_enabled=&#8221;off&#8221; button_two_text_size__hover_enabled=&#8221;off&#8221; button_text_color__hover_enabled=&#8221;off&#8221; button_one_text_color__hover_enabled=&#8221;off&#8221; button_two_text_color__hover_enabled=&#8221;off&#8221; button_border_width__hover_enabled=&#8221;off&#8221; button_one_border_width__hover_enabled=&#8221;off&#8221; button_two_border_width__hover_enabled=&#8221;off&#8221; button_border_color__hover_enabled=&#8221;off&#8221; button_one_border_color__hover_enabled=&#8221;off&#8221; button_two_border_color__hover_enabled=&#8221;off&#8221; button_border_radius__hover_enabled=&#8221;off&#8221; button_one_border_radius__hover_enabled=&#8221;off&#8221; button_two_border_radius__hover_enabled=&#8221;off&#8221; button_letter_spacing__hover_enabled=&#8221;on&#8221; button_letter_spacing__hover=&#8221;0&#8243; button_one_letter_spacing__hover_enabled=&#8221;off&#8221; button_two_letter_spacing__hover_enabled=&#8221;off&#8221; button_bg_color__hover_enabled=&#8221;off&#8221; button_one_bg_color__hover_enabled=&#8221;off&#8221; button_two_bg_color__hover_enabled=&#8221;off&#8221; sticky_enabled=&#8221;0&#8243;][et_pb_slide _builder_version=&#8221;4.16.0&#8243; _module_preset=&#8221;default&#8221; title_text=&#8221;nmky-banner-2&#8243; background_color=&#8221;#FFFFFF&#8221; background_enable_color=&#8221;on&#8221; background_image=&#8221;https:\/\/onmky.fi\/osastot\/yleisurheilu\/wp-content\/uploads\/2022\/03\/nmky-banner-2.png&#8221; background_enable_image=&#8221;on&#8221; hover_enabled=&#8221;0&#8243; sticky_enabled=&#8221;0&#8243;][\/et_pb_slide][\/et_pb_slider][\/et_pb_column][\/et_pb_row][et_pb_row admin_label=&#8221;Rivi&#8221; _builder_version=&#8221;4.16&#8243; background_size=&#8221;initial&#8221; background_position=&#8221;top_left&#8221; background_repeat=&#8221;repeat&#8221; global_colors_info=&#8221;{}&#8221; column_structure=&#8221;1_4,1_2,1_4&#8243;][et_pb_column type=&#8221;1_4&#8243; _builder_version=&#8221;4.16&#8243; custom_padding=&#8221;|||&#8221; global_colors_info=&#8221;{}&#8221; custom_padding__hover=&#8221;|||&#8221;][et_pb_sidebar area=&#8221;sidebar-1&#8243; admin_label=&#8221;LINKIT Sivupalkki&#8221; _builder_version=&#8221;4.16&#8243; remove_border=&#8221;off&#8221; global_colors_info=&#8221;{}&#8221;][\/et_pb_sidebar][\/et_pb_column][et_pb_column type=&#8221;1_2&#8243; _builder_version=&#8221;4.16&#8243; custom_padding=&#8221;|||&#8221; global_colors_info=&#8221;{}&#8221; custom_padding__hover=&#8221;|||&#8221;][et_pb_text admin_label=&#8221;Teksti&#8221; _builder_version=&#8221;4.16&#8243; background_size=&#8221;initial&#8221; background_position=&#8221;top_left&#8221; background_repeat=&#8221;repeat&#8221; use_border_color=&#8221;off&#8221; border_color=&#8221;#ffffff&#8221; border_style=&#8221;solid&#8221; global_colors_info=&#8221;{}&#8221;]<\/p>\n<h1>Kuulutusvaunu<\/h1>\n<p>Kuulutusvaunu on rekister\u00f6ity O1-luokan JOUSITTAMATON KEVYT PER\u00c4VAUNU, jonka lain mukainen suurin sallittu vetonopeus on 60 km\/h.<\/p>\n<p><strong>Kuulutusvaunun k\u00e4ytt\u00f6ohjeet:<\/strong><\/p>\n<ul>\n<li>Kuulutusvaunun k\u00e4yt\u00f6st\u00e4 veloitetaan 60 euroa \/ vrk, minimiveloitus 120 euroa. ONMKY:n osastoille hinta 50e\/vrk.<\/li>\n<\/ul>\n<ul>\n<li>Kuulutusvaunu tulee palauttaa SIIVOTTUNA sovittuun aikaan menneess\u00e4 Oulun NMKY:n toimitalolle (Raatintie 7). Mik\u00e4li kuulutusvaunua ei ole siivottu veloitetaan vuokraajalta siivouskuluina 60 euroa.<\/li>\n<\/ul>\n<ul>\n<li>Kuulutusvaunun vuokra sis\u00e4lt\u00e4\u00e4;\n<ul>\n<li>Kuulutusvaunu ja yksi avain<\/li>\n<li>Mikill\u00e4 varustettu vahvistin, CD-soitin sek\u00e4 kaiutinpatteri sek\u00e4 muut vuokrakaavakkeella luetellut esineet.<\/li>\n<\/ul>\n<\/li>\n<li>Kuulutusvaunu tulee olla lukittuna aina kun se ei ole miehitettyn\u00e4, taikka vuokraajan henkil\u00f6kuntaa ei ole vaunun n\u00e4k\u00f6et\u00e4isyydell\u00e4. Mik\u00e4li vuokralainen rikkoo em. s\u00e4\u00e4nt\u00f6j\u00e4, on h\u00e4n korvausvelvollinen mahdollisissa tihuty\u00f6- tai varkaustapauksissa.<\/li>\n<\/ul>\n<ul>\n<li>Kuulutusvaunua saa k\u00e4ytt\u00e4\u00e4 vain vuokrasuhteen alkaessa sovittuun k\u00e4ytt\u00f6tarkoitukseen. Vuokraaja vahvistaa vuokrasuhteen alkaessa vuokrakaavakkeen allekirjoituksellaan hyv\u00e4ksyneens\u00e4 kuulutusvaunulle laaditut s\u00e4\u00e4nn\u00f6t ja hinnastot.<\/li>\n<\/ul>\n<p>TIEDUSTELUT: petri.huhtala(at)onmky.fi tai 040-5676586<br \/>\n[\/et_pb_text][\/et_pb_column][et_pb_column type=&#8221;1_4&#8243; _builder_version=&#8221;4.16&#8243; custom_padding=&#8221;|||&#8221; global_colors_info=&#8221;{}&#8221; custom_padding__hover=&#8221;|||&#8221;][et_pb_image src=&#8221;http:\/\/onmky.fi\/osastot\/yleisurheilu\/wp-content\/uploads\/2016\/08\/Ajankohtaista.png&#8221; align_tablet=&#8221;center&#8221; align_last_edited=&#8221;on|desktop&#8221; admin_label=&#8221;AJANKOHTAISTA Kuva&#8221; _builder_version=&#8221;4.16&#8243; animation_style=&#8221;fade&#8221; animation_duration=&#8221;500ms&#8221; use_border_color=&#8221;off&#8221; border_color=&#8221;#ffffff&#8221; border_style=&#8221;solid&#8221; animation=&#8221;fade_in&#8221; sticky=&#8221;off&#8221; always_center_on_mobile=&#8221;on&#8221; global_colors_info=&#8221;{}&#8221; align_phone=&#8221;center&#8221;][\/et_pb_image][et_pb_code admin_label=&#8221;FACEBOOK Koodi&#8221; _builder_version=&#8221;4.16&#8243; global_colors_info=&#8221;{}&#8221;]<\/p>\n<div class=\"fb-page\" data-href=\"https:\/\/www.facebook.com\/terwamaraton\/\" data-tabs=\"timeline\" data-small-header=\"false\" data-adapt-container-width=\"true\" data-hide-cover=\"false\" data-show-facepile=\"true\">\n<blockquote cite=\"https:\/\/www.facebook.com\/terwamaraton\/\" class=\"fb-xfbml-parse-ignore\"><p><a href=\"https:\/\/www.facebook.com\/terwamaraton\/\">Oulun Terwah\u00f6lkk\u00e4 ja -maraton<\/a><\/p><\/blockquote>\n<\/div>\n<p>[\/et_pb_code][\/et_pb_column][\/et_pb_row][\/et_pb_section]<\/p>\n","protected":false},"excerpt":{"rendered":"<p>Kuulutusvaunu Kuulutusvaunu on rekister\u00f6ity O1-luokan JOUSITTAMATON KEVYT PER\u00c4VAUNU, jonka lain mukainen suurin sallittu vetonopeus on 60 km\/h. Kuulutusvaunun k\u00e4ytt\u00f6ohjeet: Kuulutusvaunun k\u00e4yt\u00f6st\u00e4 veloitetaan 60 euroa \/ vrk, minimiveloitus 120 euroa. ONMKY:n osastoille hinta 50e\/vrk. Kuulutusvaunu tulee palauttaa SIIVOTTUNA sovittuun aikaan menneess\u00e4 Oulun NMKY:n toimitalolle (Raatintie 7). Mik\u00e4li kuulutusvaunua ei ole siivottu veloitetaan vuokraajalta siivouskuluina 60 euroa. [&hellip;]<\/p>\n","protected":false},"author":1,"featured_media":0,"parent":0,"menu_order":0,"comment_status":"closed","ping_status":"closed","template":"","meta":{"_et_pb_use_builder":"on","_et_pb_old_content":"","_et_gb_content_width":""},"_links":{"self":[{"href":"https:\/\/onmky.fi\/osastot\/yleisurheilu\/wp-json\/wp\/v2\/pages\/54"}],"collection":[{"href":"https:\/\/onmky.fi\/osastot\/yleisurheilu\/wp-json\/wp\/v2\/pages"}],"about":[{"href":"https:\/\/onmky.fi\/osastot\/yleisurheilu\/wp-json\/wp\/v2\/types\/page"}],"author":[{"embeddable":true,"href":"https:\/\/onmky.fi\/osastot\/yleisurheilu\/wp-json\/wp\/v2\/users\/1"}],"replies":[{"embeddable":true,"href":"https:\/\/onmky.fi\/osastot\/yleisurheilu\/wp-json\/wp\/v2\/comments?post=54"}],"version-history":[{"count":17,"href":"https:\/\/onmky.fi\/osastot\/yleisurheilu\/wp-json\/wp\/v2\/pages\/54\/revisions"}],"predecessor-version":[{"id":222,"href":"https:\/\/onmky.fi\/osastot\/yleisurheilu\/wp-json\/wp\/v2\/pages\/54\/revisions\/222"}],"wp:attachment":[{"href":"https:\/\/onmky.fi\/osastot\/yleisurheilu\/wp-json\/wp\/v2\/media?parent=54"}],"curies":[{"name":"wp","href":"https:\/\/api.w.org\/{rel}","templated":true}]}}